{"id":57480,"date":"2020-11-25T14:09:17","date_gmt":"2020-11-25T13:09:17","guid":{"rendered":"https:\/\/shamengo.com\/?post_type=product&#038;p=57480"},"modified":"2023-08-31T15:17:32","modified_gmt":"2023-08-31T14:17:32","slug":"kit-dinitiation","status":"publish","type":"product","link":"https:\/\/www.shamengo.com\/fr\/produit\/kit-dinitiation\/","title":{"rendered":"Cycle d&#8217;initiation"},"content":{"rendered":"<div class=\"wpb-content-wrapper\"><p>[vc_section][vc_row][vc_column][\/vc_column][\/vc_row][\/vc_section][vc_section css=&#8221;.vc_custom_1606311169962{margin-top: 50px !important;}&#8221;][vc_row el_id=&#8221;site-title&#8221; css=&#8221;.vc_custom_1606389547542{margin-bottom: 0px !important;}&#8221;][vc_column css=&#8221;.vc_custom_1606389542891{margin-bottom: 0px !important;}&#8221;][vc_column_text]<\/p>\n<h1 style=\"text-align: center;\">CYCLE D&#8217;INITIATION<\/h1>\n<p style=\"text-align: center;\">10 modules de 2 h30 \u00e0 d\u00e9couvrir<\/p>\n<p>[\/vc_column_text][\/vc_column][\/vc_row][vc_row css=&#8221;.vc_custom_1606389560182{margin-bottom: 50px !important;}&#8221;][vc_column][vc_column_text]<\/p>\n<p style=\"text-align: center;\">L\u2019Ecole Shamengo est constitu\u00e9e de groupes de personnes, appel\u00e9s \u00ab promos \u00bb et anim\u00e9s par des animateurs Shamengo.<br \/>\nVous pouvez rejoindre une promo avec des personnes que vous connaissez (amis, famille\u2026) ou choisir de rencontrer de nouvelles personnes !<\/p>\n<p style=\"text-align: center;\">Vous d\u00e9couvrez et pratiquez ensemble le cycle d\u2019initiation de 10 ateliers de 2 h30.<br \/>\nChaque atelier s\u2019appuie sur des vid\u00e9os, des quiz, des exercices pratiques, mais aussi des partages et retours d\u2019exp\u00e9rience.<\/p>\n<p style=\"text-align: center;\">Ces ateliers propos\u00e9s en distanciel ou en pr\u00e9sentiel permettent de mieux comprendre les enjeux \u00e0 relever pour &#8220;sauver l&#8217;humanit\u00e9&#8221;. Ils sont con\u00e7us pour embarquer jusqu&#8217;\u00e0 60 personnes.<\/p>\n<p style=\"text-align: center;\">Tous les supports p\u00e9dagogiques sont regroup\u00e9s dans votre espace personnel \u00ab My Shamengo \u00bb, vous y avez acc\u00e8s \u00e0 tout moment.<\/p>\n<p>[\/vc_column_text][\/vc_column][\/vc_row][\/vc_section][vc_section full_width=&#8221;stretch_row&#8221;][vc_row][vc_column][vc_column_text]<div id=\"vc_so_modules_formation_891064\" class=\"vc_so_modules_formation \">\n\t\t<div class=\"vc_so_modules_formation_item\">\n\t\t<div class=\"vc_so_modules_formation_item_img\" style=\"background-image : url(\/\/www.shamengo.com\/wp-content\/uploads\/2021\/02\/invitation-au-voyage-icone-350x350.jpg)\"><\/div>\n\t\t<div class=\"vc_so_modules_formation_item_txt\"><div class=\"vc_so_modules_formation_item_index\">#1<\/div>L'invitation au voyage<\/div>\n\t\t<\/div>\n\t\t\n\t\t<div class=\"vc_so_modules_formation_item\">\n\t\t<div class=\"vc_so_modules_formation_item_img\" style=\"background-image : url(\/\/www.shamengo.com\/wp-content\/uploads\/2021\/01\/Module-2-microbiote-vignette-350x350.jpg)\"><\/div>\n\t\t<div class=\"vc_so_modules_formation_item_txt\"><div class=\"vc_so_modules_formation_item_index\">#2<\/div>Huit milliards de microbiotes et moi et moi et moi<\/div>\n\t\t<\/div>\n\t\t\n\t\t<div class=\"vc_so_modules_formation_item\">\n\t\t<div class=\"vc_so_modules_formation_item_img\" style=\"background-image : url(\/\/www.shamengo.com\/wp-content\/uploads\/2021\/09\/antibiotiques-bandeau-350x132.jpg)\"><\/div>\n\t\t<div class=\"vc_so_modules_formation_item_txt\"><div class=\"vc_so_modules_formation_item_index\">#3<\/div>Vous reprendrez bien un peu d\u2019antibiotiques ?<\/div>\n\t\t<\/div>\n\t\t\n\t\t<div class=\"vc_so_modules_formation_item\">\n\t\t<div class=\"vc_so_modules_formation_item_img\" style=\"background-image : url(\/\/www.shamengo.com\/wp-content\/uploads\/2021\/01\/Module-3-vignette-350x350.jpg)\"><\/div>\n\t\t<div class=\"vc_so_modules_formation_item_txt\"><div class=\"vc_so_modules_formation_item_index\">#4<\/div>De la sueur d'esclaves dans nos placards<\/div>\n\t\t<\/div>\n\t\t\n\t\t<div class=\"vc_so_modules_formation_item\">\n\t\t<div class=\"vc_so_modules_formation_item_img\" style=\"background-image : url(\/\/www.shamengo.com\/wp-content\/uploads\/2021\/10\/image-mise-en-avant-webdoc-8-350x197.jpg)\"><\/div>\n\t\t<div class=\"vc_so_modules_formation_item_txt\"><div class=\"vc_so_modules_formation_item_index\">#5<\/div>La face obscure de la r\u00e9volution num\u00e9rique<\/div>\n\t\t<\/div>\n\t\t\n\t\t<div class=\"vc_so_modules_formation_item\">\n\t\t<div class=\"vc_so_modules_formation_item_img\" style=\"background-image : url(\/\/www.shamengo.com\/wp-content\/uploads\/2021\/03\/Module-4-vignette-350x350.jpg)\"><\/div>\n\t\t<div class=\"vc_so_modules_formation_item_txt\"><div class=\"vc_so_modules_formation_item_index\">#6<\/div>Un profil de serial kWh<\/div>\n\t\t<\/div>\n\t\t\n\t\t<div class=\"vc_so_modules_formation_item\">\n\t\t<div class=\"vc_so_modules_formation_item_img\" style=\"background-image : url(\/\/www.shamengo.com\/wp-content\/uploads\/2021\/10\/unnamed-3-350x197.jpg)\"><\/div>\n\t\t<div class=\"vc_so_modules_formation_item_txt\"><div class=\"vc_so_modules_formation_item_index\">#7<\/div>Un continent invisible \u00e0 port\u00e9e de clic<\/div>\n\t\t<\/div>\n\t\t\n\t\t<div class=\"vc_so_modules_formation_item\">\n\t\t<div class=\"vc_so_modules_formation_item_img\" style=\"background-image : url(\/\/www.shamengo.com\/wp-content\/uploads\/2021\/06\/Tous-deplaces-climatiques-vignette-carree-350x350.jpg)\"><\/div>\n\t\t<div class=\"vc_so_modules_formation_item_txt\"><div class=\"vc_so_modules_formation_item_index\">#8<\/div>Tous d\u00e9plac\u00e9s climatiques<\/div>\n\t\t<\/div>\n\t\t\n\t\t<div class=\"vc_so_modules_formation_item\">\n\t\t<div class=\"vc_so_modules_formation_item_img\" style=\"background-image : url(\/\/www.shamengo.com\/wp-content\/uploads\/2021\/11\/OIseau-sac-plastique--350x219.jpeg)\"><\/div>\n\t\t<div class=\"vc_so_modules_formation_item_txt\"><div class=\"vc_so_modules_formation_item_index\">#9<\/div>Le plastique, c'est pas si fantastique<\/div>\n\t\t<\/div>\n\t\t\n\t\t<div class=\"vc_so_modules_formation_item\">\n\t\t<div class=\"vc_so_modules_formation_item_img\" style=\"background-image : url(\/\/www.shamengo.com\/wp-content\/uploads\/2021\/07\/SHAMAN-350x350.jpg)\"><\/div>\n\t\t<div class=\"vc_so_modules_formation_item_txt\"><div class=\"vc_so_modules_formation_item_index\">#10<\/div>Devenir shaman du nouveau monde<\/div>\n\t\t<\/div>\n\t\t<\/div>[\/vc_column_text][\/vc_column][\/vc_row][\/vc_section][vc_section full_width=&#8221;stretch_row&#8221; css=&#8221;.vc_custom_1610103534478{padding-bottom: 35px !important;background-color: #f7f7f7 !important;}&#8221;][vc_row][vc_column][vc_column_text]<\/p>\n<h2 style=\"text-align: center;\">Mon parcours<\/h2>\n<p>[\/vc_column_text][vc_empty_space][\/vc_column][\/vc_row][vc_row full_width=&#8221;stretch_row&#8221; gap=&#8221;20&#8243; equal_height=&#8221;yes&#8221; content_placement=&#8221;top&#8221;][vc_column width=&#8221;1\/4&#8243;][vc_icon icon_fontawesome=&#8221;fas fa-users&#8221; color=&#8221;custom&#8221; size=&#8221;xl&#8221; align=&#8221;center&#8221; custom_color=&#8221;#00ccff&#8221; css=&#8221;.vc_custom_1610097244188{margin-bottom: 18px !important;}&#8221;][vc_column_text css=&#8221;.vc_custom_1610125940698{margin-bottom: 18px !important;}&#8221;]<\/p>\n<p style=\"text-align: center;\"><span style=\"font-size: 14pt; color: #808080;\"><strong>1. INSCRIPTION<\/strong><\/span><\/p>\n<p>[\/vc_column_text][vc_column_text]<\/p>\n<p style=\"text-align: center;\">Je cr\u00e9e ou je rejoins une promo constitu\u00e9e d\u2019une dizaine de personnes et anim\u00e9e par un animateur Shamengo qui a d\u00e9j\u00e0 suivi ce cycle d\u2019initiation.<\/p>\n<p>[\/vc_column_text][\/vc_column][vc_column width=&#8221;1\/4&#8243;][vc_icon icon_fontawesome=&#8221;fas fa-calendar-alt&#8221; color=&#8221;custom&#8221; size=&#8221;xl&#8221; align=&#8221;center&#8221; custom_color=&#8221;#f23386&#8243; css=&#8221;.vc_custom_1610097397718{margin-bottom: 18px !important;}&#8221;][vc_column_text css=&#8221;.vc_custom_1610125957803{margin-bottom: 18px !important;}&#8221;]<\/p>\n<p style=\"text-align: center;\"><span style=\"font-size: 14pt; color: #808080;\"><strong>2. ORGANISATION<\/strong><\/span><\/p>\n<p>[\/vc_column_text][vc_column_text]<\/p>\n<p style=\"text-align: center;\">Je rencontre les membres de ma promo lors d\u2019une pr\u00e9sentation en visioconf\u00e9rence et nous d\u00e9cidons ensemble de l\u2019heure, du jour et du lieu (distanciel ou pr\u00e9sentiel) de la formation.<\/p>\n<p>[\/vc_column_text][\/vc_column][vc_column width=&#8221;1\/4&#8243;][vc_icon icon_fontawesome=&#8221;fas fa-tools&#8221; color=&#8221;custom&#8221; size=&#8221;xl&#8221; align=&#8221;center&#8221; custom_color=&#8221;#99cc00&#8243; css=&#8221;.vc_custom_1610097463373{margin-bottom: 18px !important;}&#8221;][vc_column_text css=&#8221;.vc_custom_1610125963875{margin-bottom: 18px !important;}&#8221;]<\/p>\n<p style=\"text-align: center;\"><span style=\"font-size: 14pt; color: #808080;\"><strong>3. EXP\u00c9RIMENTATION<\/strong><\/span><\/p>\n<p>[\/vc_column_text][vc_column_text]<\/p>\n<p style=\"text-align: center;\">Je profite de l\u2019\u00e9mulation bienveillante entre pairs pour partager avec eux mes habitudes de consommation et mieux les faire \u00e9voluer gr\u00e2ce \u00e0 tout ce que j\u2019apprends.<\/p>\n<p>[\/vc_column_text][\/vc_column][vc_column width=&#8221;1\/4&#8243;][vc_icon icon_fontawesome=&#8221;fas fa-bullhorn&#8221; color=&#8221;custom&#8221; size=&#8221;xl&#8221; align=&#8221;center&#8221; custom_color=&#8221;#ff9900&#8243; css=&#8221;.vc_custom_1610097647315{margin-bottom: 18px !important;}&#8221;][vc_column_text css=&#8221;.vc_custom_1610125970610{margin-bottom: 18px !important;}&#8221;]<\/p>\n<p style=\"text-align: center;\"><span style=\"font-size: 14pt; color: #808080;\"><strong>4. TRANSMISSION<\/strong><\/span><\/p>\n<p>[\/vc_column_text][vc_column_text]<\/p>\n<p style=\"text-align: center;\">J\u2019invite ma communaut\u00e9 \u00e0 suivre cette formation. Je peux m\u00eame d\u00e9cider de lancer une promo et de l\u2019animer pour renforcer mes acquis en devenant animateur Shamengo.<\/p>\n<p>[\/vc_column_text][\/vc_column][\/vc_row][\/vc_section][vc_section css=&#8221;.vc_custom_1606320172379{padding-top: 0px !important;}&#8221;][vc_row][vc_column][\/vc_column][\/vc_row][\/vc_section]<\/p>\n<\/div>","protected":false},"excerpt":{"rendered":"<p>[vc_section][vc_row][vc_column][\/vc_column][\/vc_row][\/vc_section][vc_section css=&#8221;.vc_custom_1606311169962{margin-top: 50px !important;}&#8221;][vc_row el_id=&#8221;site-title&#8221; css=&#8221;.vc_custom_1606389547542{margin-bottom: 0px !important;}&#8221;][vc_column css=&#8221;.vc_custom_1606389542891{margin-bottom: 0px !important;}&#8221;][vc_column_text] CYCLE D&#8217;INITIATION 10 modules de 2 h30 \u00e0 d\u00e9couvrir [\/vc_column_text][\/vc_column][\/vc_row][vc_row css=&#8221;.vc_custom_1606389560182{margin-bottom: 50px !important;}&#8221;][vc_column][vc_column_text] L\u2019Ecole Shamengo est constitu\u00e9e de groupes de personnes, appel\u00e9s \u00ab promos \u00bb et anim\u00e9s par des animateurs Shamengo. Vous pouvez rejoindre une promo avec des personnes que vous connaissez (amis, famille\u2026) [&hellip;]<\/p>\n","protected":false},"featured_media":0,"comment_status":"open","ping_status":"closed","template":"","meta":{"_acf_changed":false},"product_cat":[3664],"product_tag":[],"thematique":[],"class_list":{"0":"post-57480","1":"product","2":"type-product","3":"status-publish","5":"product_cat-non-classifiee","7":"first","8":"instock","9":"shipping-taxable","10":"purchasable","11":"product-type-simple","12":"nyp-product"},"acf":{"type_produit_so":"kit_formation","kit":57478,"top_product":false,"top_product_img":"\/\/www.shamengo.com\/wp-content\/uploads\/2020\/11\/Le-groupe-des-feees-a\u0300-l-i\u0308le-verte-v2-1.jpg","top_product_subtitle":"6 modules de 1h30 \u00e0 d\u00e9couvrir"},"_links":{"self":[{"href":"https:\/\/www.shamengo.com\/fr\/wp-json\/wp\/v2\/product\/57480","targetHints":{"allow":["GET"]}}],"collection":[{"href":"https:\/\/www.shamengo.com\/fr\/wp-json\/wp\/v2\/product"}],"about":[{"href":"https:\/\/www.shamengo.com\/fr\/wp-json\/wp\/v2\/types\/product"}],"replies":[{"embeddable":true,"href":"https:\/\/www.shamengo.com\/fr\/wp-json\/wp\/v2\/comments?post=57480"}],"wp:attachment":[{"href":"https:\/\/www.shamengo.com\/fr\/wp-json\/wp\/v2\/media?parent=57480"}],"wp:term":[{"taxonomy":"product_cat","embeddable":true,"href":"https:\/\/www.shamengo.com\/fr\/wp-json\/wp\/v2\/product_cat?post=57480"},{"taxonomy":"product_tag","embeddable":true,"href":"https:\/\/www.shamengo.com\/fr\/wp-json\/wp\/v2\/product_tag?post=57480"},{"taxonomy":"thematique","embeddable":true,"href":"https:\/\/www.shamengo.com\/fr\/wp-json\/wp\/v2\/thematique?post=57480"}],"curies":[{"name":"wp","href":"https:\/\/api.w.org\/{rel}","templated":true}]}}