{"id":85656,"date":"2023-07-27T11:55:52","date_gmt":"2023-07-27T10:55:52","guid":{"rendered":"https:\/\/shamengo.com\/?page_id=85656"},"modified":"2023-10-16T16:04:35","modified_gmt":"2023-10-16T15:04:35","slug":"premiers-pas","status":"publish","type":"page","link":"https:\/\/www.shamengo.com\/fr\/premiers-pas\/","title":{"rendered":"Premier pas"},"content":{"rendered":"<div class=\"wpb-content-wrapper\"><p>[vc_section full_width=&#8221;stretch_row_content&#8221; el_class=&#8221;header-image-section&#8221; css=&#8221;.vc_custom_1606310054547{background-image: url(\/\/shamengo.com\/wp-content\/uploads\/2020\/11\/nos-formation-banner.jpg?id=57449) !important;}&#8221;][\/vc_section][vc_section css=&#8221;.vc_custom_1532451925120{margin-bottom: 0px !important;padding-bottom: 0px !important;}&#8221;][vc_row el_id=&#8221;site-title&#8221;][vc_column][vc_column_text]<\/p>\n<h1 style=\"text-align: center;\">PREMIER PAS<\/h1>\n<p>[\/vc_column_text][\/vc_column][\/vc_row][\/vc_section][vc_section el_class=&#8221;color-banner-text-box&#8221; css=&#8221;.vc_custom_1606315308314{background-color: #89b600 !important;background-position: center !important;background-repeat: no-repeat !important;background-size: cover !important;}&#8221;][vc_row][vc_column][vc_column_text]<\/p>\n<h2 style=\"text-align: center;\">BOOSTER SON \u00c9COCITOYENNET\u00c9<\/h2>\n<p style=\"text-align: center;\"><strong>Lanc\u00e9 en 2023<\/strong><\/p>\n<p style=\"text-align: center;\">Cet atelier p\u00e9dagogique intitul\u00e9 &#8220;Booster son \u00e9cocitoyennet\u00e9 \u00e0 travers 8 activit\u00e9s de la vie quotidienne&#8221; nous redonne foi en l&#8217;avenir, en activant notre pouvoir d&#8217;agir de mani\u00e8re tr\u00e8s pratico pratique. C&#8217;est en faisant appel au meilleur de nous-m\u00eames que nous pourrons individuellement donner du sens \u00e0 notre vie et collectivement donner naissance \u00e0 une nouvelle civilisation plan\u00e9taire.<\/p>\n<p style=\"text-align: center;\"><span style=\"color: #656462;\">Voici votre carte d&#8217;embarquement pour le nouveau monde&#8230;qui vous permettra de r\u00e9pondre \u00e0 cette premi\u00e8re question\u00a0: Quelle empreinte souhaitez-vous laisser dans l&#8217;histoire\u00a0?<\/span><\/p>\n<p>[\/vc_column_text][vc_tta_accordion][vc_tta_section title=&#8221;Des d\u00e9fis uniques dans l&#8217;histoire de l&#8217;humanit\u00e9&#8221; tab_id=&#8221;1690455064122-c15020fc-1107&#8243;][vc_column_text]<\/p>\n<p class=\"v1MsoNormal\"><span style=\"color: #656462;\">Nos modes de production et consommation nous exposent \u00e0 <strong>des d\u00e9fis uniques<\/strong> dans l&#8217;histoire de l&#8217;humanit\u00e9. Dans son dernier rapport, l&#8217;universit\u00e9 de Cambridge en Angleterre conclue \u00e0 la possible extinction de l&#8217;humanit\u00e9 au XXII\u00e8me si\u00e8cle si nous ne changeons pas radicalement de trajectoire concernant nos activit\u00e9s \u00e9conomiques.<\/span><\/p>\n<p>[\/vc_column_text][\/vc_tta_section][vc_tta_section title=&#8221;Une multitude de petites actions&#8221; tab_id=&#8221;1697468510390-b28b3eb7-a7e7&#8243;][vc_column_text]<span style=\"color: #656462;\">Quoi faire ? \u00c0 titre individuel nous nous sentons impuissants. Pourtant c&#8217;est gr\u00e2ce \u00e0 <strong>une multitude de petites actions<\/strong> en tant que consommateur, producteur, r\u00e9gulateur, en un mot en tant que <strong>citoyen<\/strong>, que nous r\u00e9ussirons \u00e0 d\u00e9velopper <strong>une \u00e9conomie r\u00e9g\u00e9n\u00e9rative<\/strong> qui s&#8217;inspire des principes du vivant et s&#8217;appuie sur une multitude de solutions \u00e0 l&#8217;\u0153uvre.<\/span>[\/vc_column_text][\/vc_tta_section][\/vc_tta_accordion][vc_btn title=&#8221;JE ME LANCE&#8221; color=&#8221;so-white&#8221; align=&#8221;center&#8221; link=&#8221;url:%2Ffr%2Fproduit%2Fkit-dinitiation%2F|||&#8221;][\/vc_column][\/vc_row][\/vc_section][vc_row][vc_column][vc_video link=&#8221;https:\/\/youtu.be\/6JjbtiIkslM&#8221; el_width=&#8221;70&#8243; align=&#8221;center&#8221; title=&#8221;Un aper\u00e7u en vid\u00e9o&#8221;][\/vc_column][\/vc_row]<\/p>\n<\/div>","protected":false},"excerpt":{"rendered":"<p>[vc_section full_width=&#8221;stretch_row_content&#8221; el_class=&#8221;header-image-section&#8221; css=&#8221;.vc_custom_1606310054547{background-image: url(\/\/shamengo.com\/wp-content\/uploads\/2020\/11\/nos-formation-banner.jpg?id=57449) !important;}&#8221;][\/vc_section][vc_section css=&#8221;.vc_custom_1532451925120{margin-bottom: 0px !important;padding-bottom: 0px !important;}&#8221;][vc_row el_id=&#8221;site-title&#8221;][vc_column][vc_column_text] PREMIER PAS [\/vc_column_text][\/vc_column][\/vc_row][\/vc_section][vc_section el_class=&#8221;color-banner-text-box&#8221; css=&#8221;.vc_custom_1606315308314{background-color: #89b600 !important;background-position: center !important;background-repeat: no-repeat !important;background-size: cover !important;}&#8221;][vc_row][vc_column][vc_column_text] BOOSTER SON \u00c9COCITOYENNET\u00c9 Lanc\u00e9 en 2023 Cet atelier p\u00e9dagogique intitul\u00e9 &#8220;Booster son \u00e9cocitoyennet\u00e9 \u00e0 travers 8 activit\u00e9s de la vie quotidienne&#8221; nous redonne foi en l&#8217;avenir, en activant notre pouvoir [&hellip;]<\/p>\n","protected":false},"author":12337,"featured_media":0,"parent":0,"menu_order":0,"comment_status":"closed","ping_status":"closed","template":"","meta":{"_acf_changed":false,"footnotes":""},"thematique":[],"class_list":["post-85656","page","type-page","status-publish","hentry"],"acf":{"top_page":false},"_links":{"self":[{"href":"https:\/\/www.shamengo.com\/fr\/wp-json\/wp\/v2\/pages\/85656","targetHints":{"allow":["GET"]}}],"collection":[{"href":"https:\/\/www.shamengo.com\/fr\/wp-json\/wp\/v2\/pages"}],"about":[{"href":"https:\/\/www.shamengo.com\/fr\/wp-json\/wp\/v2\/types\/page"}],"author":[{"embeddable":true,"href":"https:\/\/www.shamengo.com\/fr\/wp-json\/wp\/v2\/users\/12337"}],"replies":[{"embeddable":true,"href":"https:\/\/www.shamengo.com\/fr\/wp-json\/wp\/v2\/comments?post=85656"}],"version-history":[{"count":10,"href":"https:\/\/www.shamengo.com\/fr\/wp-json\/wp\/v2\/pages\/85656\/revisions"}],"predecessor-version":[{"id":86872,"href":"https:\/\/www.shamengo.com\/fr\/wp-json\/wp\/v2\/pages\/85656\/revisions\/86872"}],"wp:attachment":[{"href":"https:\/\/www.shamengo.com\/fr\/wp-json\/wp\/v2\/media?parent=85656"}],"wp:term":[{"taxonomy":"thematique","embeddable":true,"href":"https:\/\/www.shamengo.com\/fr\/wp-json\/wp\/v2\/thematique?post=85656"}],"curies":[{"name":"wp","href":"https:\/\/api.w.org\/{rel}","templated":true}]}}