{"id":81475,"date":"2023-02-17T10:53:17","date_gmt":"2023-02-17T09:53:17","guid":{"rendered":"https:\/\/shamengo.com\/?page_id=81475"},"modified":"2023-02-17T10:53:17","modified_gmt":"2023-02-17T09:53:17","slug":"chaine-tv-shabiller","status":"publish","type":"page","link":"https:\/\/www.shamengo.com\/fr\/chaine-tv-shabiller\/","title":{"rendered":"Cha\u00eene TV : S&#8217;habiller"},"content":{"rendered":"<div class=\"wpb-content-wrapper\"><p>[vc_section full_width=&#8221;stretch_row_content&#8221; el_class=&#8221;header-image-section&#8221; css=&#8221;.vc_custom_1536573527852{background-image: url(\/\/shamengo.com\/wp-content\/uploads\/2018\/04\/Laure-Meryam-Afrique-Sud.jpg?id=22030) !important;}&#8221;][vc_row][vc_column][\/vc_column][\/vc_row][\/vc_section][vc_section full_width=&#8221;stretch_row_content&#8221;][vc_row][vc_column]\n\t\t<div id=\"vc_so_video_channel_720426\" class=\"vc_so_video_channel  \">\n\t\t<div class=\"wpb-content-wrapper\"><p>[vc_section][vc_row el_id=&#8221;site-title&#8221;][vc_column][vc_column_text]<\/p>\n<h1 style=\"text-align: center;\">S&#8217;habiller<\/h1>\n<p>\t\t[\/vc_column_text][\/vc_column][\/vc_row][\/vc_section]<\/p>\n<\/div>\n\n\t\t<div id=\"vc_so_video_channel_content\" class=\"so-wrapper\">\n\n\t\t<div class=\"playing_video_area\">\n\t\t\n\t\t<div id=\"video_player\">\n\t\t<script type=\"text\/javascript\">\n\n\t\tfunction loadJavaScriptSync(filePath){\n\t\t\tvar req = new XMLHttpRequest();\n\t\t\treq.open(\"GET\", filePath, false);\n\t\t\treq.send(null);\n\n\t\t\tvar headElement = document.getElementsByTagName(\"head\")[0];\n\t\t\tvar newScriptElement = document.createElement(\"script\");\n\t\t\tnewScriptElement.type = \"text\/javascript\";\n\t\t\tnewScriptElement.text = req.responseText;\n\t\t\tif (headElement) { headElement.appendChild(newScriptElement); }\n\t\t}\n\n\t\tloadJavaScriptSync(\"\/\/shamengo.streameo.tv\/getembed.js?custom_playlist=playlist&ids_prods=yt-WfXufBW40l4,822,816,713,584,484,381,312,314,146,264,224,330&lang=fr&id_app=186\");\n\n\t\t<\/script>\n\t\t<div class=\"video_poster\" style=\"background-image:url(\/\/www.shamengo.com\/wp-content\/uploads\/2025\/06\/PHOTO-2025-02-05-20-11-46-1024x598.jpg)\"><i class=\"fa fa-play\" aria-hidden=\"true\"><\/i><\/div>\n\t\t<\/div>\n\t\t\n\t<div id=\"video_infos\">\n\n\t<div id=\"video_header\">\n\n\t<div id=\"video_title\">\n\t\n\t\n\t<h1>Accompagnement S'habiller du Lyc\u00e9e Gaston Crampe<\/h1>\n\t<\/div>\n\n\t<div id=\"video_actions\">\n\n\t\n\t<div id=\"social_actions\">\n\t<div id=\"video_likes\">\n\t<span class=\"lb-wrapper\"><a href=\"https:\/\/www.shamengo.com\/wp-admin\/admin-ajax.php?action=process_like_button&post_id=115777&nonce=259944a1b1&is_comment=0&disabled=true\" class=\"lb-button lb-button-115777\" data-nonce=\"259944a1b1\" data-post-id=\"115777\" data-iscomment=\"0\" title=\"J'aime\"><i class=\"fa fa-heart\"><\/i><\/a><span id=\"lb-loader\"><\/span><span class=\"lb-count\">0<\/span> J'aime<\/span>\n\t<\/div>\n\t<div id=\"video_share\">\n\t<span>\n\t<i class=\"fa fa-share-alt\" aria-hidden=\"true\"><\/i>\n\tPartager\n\t<\/span>\n\t<div class=\"sharing_box\">\n\t<a target=\"_blank\" title=\"Facebook\" href=\"https:\/\/www.facebook.com\/sharer\/sharer.php?u=https%3A%2F%2Fwww.shamengo.com%2Ffr%2Fvideo%2Faccompagnement-shabiller-du-lycee-gaston-crampe%2F\">\n\t<i class=\"fa fa-facebook-official\" aria-hidden=\"true\"><\/i>\n\t<\/a>\n\t<a target=\"_blank\" title=\"Twitter\" href=\"https:\/\/twitter.com\/intent\/tweet\/?url=https%3A%2F%2Fwww.shamengo.com%2Ffr%2Fvideo%2Faccompagnement-shabiller-du-lycee-gaston-crampe%2F&amp;text=Accompagnement+S%27habiller+du+Lyc%C3%A9e+Gaston+Crampe\">\n\t<i class=\"fa fa-twitter\" aria-hidden=\"true\"><\/i>\n\t<\/a>\n\t<\/div>\n\t<\/div>\n\t<\/div>\n\n\t<\/div>\n\n\t<\/div>\n\n\t<div class=\"video_description\"><p>Nous avons lanc\u00e9 le collectif d&#8217;\u00e9co-d\u00e9l\u00e9gu\u00e9s du lyc\u00e9e Gaston Crampe sur leur projet de ressourcerie solidaire ! 8h top chrono pour que les lyc\u00e9ens partagent autour des enjeux de la surconsommation, apprenent \u00e0 se connaitre et \u00e0 travailler ensemble ! Un d\u00e9fi que nous avons relev\u00e9 avec ces lyc\u00e9ens motiv\u00e9s !<\/p>\n<p>&nbsp;<\/p>\n<p>&nbsp;<\/p>\n<\/div>\n\t<\/div>\n\n\t\n\t\t<\/div>\n\n\t\t<div class=\"related_videos_area\">\n\n\t\t<div id=\"play-mode\">\n\t\t<div class=\"toggle-bt\">\n\t\t<label for=\"play-mode-bt\">\n\t\t<span>Lecture al\u00e9atoire<\/span>\n\t\t<input id=\"play-mode-bt\" type=\"checkbox\"  >\n\t\t<div class=\"toggle-switch\"><\/div>\n\t\t<\/label>\n\t\t<\/div>\n\t\t<\/div>\n\n\t\t<div id=\"related-items\" data-simplebar>\n\t\t<ul id=\"related_videos\" ><li>\n\t\t\t<a href=\"https:\/\/www.shamengo.com\/fr\/video\/accompagnement-shabiller-du-lycee-gaston-crampe\/\" class=\"active\" data-video-id=\"yt-WfXufBW40l4\" data-wp-video-id=\"115777\">\n\n\t\t\t<div class=\"related_video_container\">\n\n\t\t\t<div class=\"video_poster\"><img decoding=\"async\" width=\"247\" height=\"144\" src=\"\/\/www.shamengo.com\/wp-content\/uploads\/2025\/06\/PHOTO-2025-02-05-20-11-46-247x144.jpg\" class=\"attachment-video-thumb size-video-thumb wp-post-image\" alt=\"\" srcset=\"\/\/www.shamengo.com\/wp-content\/uploads\/2025\/06\/PHOTO-2025-02-05-20-11-46-247x144.jpg 247w, \/\/www.shamengo.com\/wp-content\/uploads\/2025\/06\/PHOTO-2025-02-05-20-11-46-350x204.jpg 350w, \/\/www.shamengo.com\/wp-content\/uploads\/2025\/06\/PHOTO-2025-02-05-20-11-46-1024x598.jpg 1024w, \/\/www.shamengo.com\/wp-content\/uploads\/2025\/06\/PHOTO-2025-02-05-20-11-46-768x448.jpg 768w, \/\/www.shamengo.com\/wp-content\/uploads\/2025\/06\/PHOTO-2025-02-05-20-11-46-1536x897.jpg 1536w, \/\/www.shamengo.com\/wp-content\/uploads\/2025\/06\/PHOTO-2025-02-05-20-11-46-600x350.jpg 600w, \/\/www.shamengo.com\/wp-content\/uploads\/2025\/06\/PHOTO-2025-02-05-20-11-46.jpg 1600w\" sizes=\"(max-width: 247px) 100vw, 247px\" \/><\/div>\n\n\t\t\t<div class=\"video_infos \">\n\t\t\t\n\t\t\t<div class=\"video_subtitle\">Accompagnement S'habiller du Lyc\u00e9e Gaston Crampe<\/div>\n\t\t\t<\/div>\n\n\t\t\t<\/div>\n\n\t\t\t<\/a>\n\t\t\t<\/li><li>\n\t\t\t<a href=\"https:\/\/www.shamengo.com\/fr\/video\/nous-economisons-70-pourcent-deau-sur-les-cycles-de-lavage\/\"  data-video-id=\"822\" data-wp-video-id=\"72086\">\n\n\t\t\t<div class=\"related_video_container\">\n\n\t\t\t<div class=\"video_poster\"><img decoding=\"async\" width=\"256\" height=\"94\" src=\"\/\/www.shamengo.com\/wp-content\/uploads\/2022\/04\/Visuel-Servin-et-Cobb-16_9-plus-leger-1-e1650878456371-256x94.jpg\" class=\"attachment-video-thumb size-video-thumb wp-post-image\" alt=\"\" srcset=\"\/\/www.shamengo.com\/wp-content\/uploads\/2022\/04\/Visuel-Servin-et-Cobb-16_9-plus-leger-1-e1650878456371-256x94.jpg 256w, \/\/www.shamengo.com\/wp-content\/uploads\/2022\/04\/Visuel-Servin-et-Cobb-16_9-plus-leger-1-e1650878456371-350x128.jpg 350w, \/\/www.shamengo.com\/wp-content\/uploads\/2022\/04\/Visuel-Servin-et-Cobb-16_9-plus-leger-1-e1650878456371-1024x376.jpg 1024w, \/\/www.shamengo.com\/wp-content\/uploads\/2022\/04\/Visuel-Servin-et-Cobb-16_9-plus-leger-1-e1650878456371-768x282.jpg 768w, \/\/www.shamengo.com\/wp-content\/uploads\/2022\/04\/Visuel-Servin-et-Cobb-16_9-plus-leger-1-e1650878456371-1536x564.jpg 1536w, \/\/www.shamengo.com\/wp-content\/uploads\/2022\/04\/Visuel-Servin-et-Cobb-16_9-plus-leger-1-e1650878456371-600x220.jpg 600w, \/\/www.shamengo.com\/wp-content\/uploads\/2022\/04\/Visuel-Servin-et-Cobb-16_9-plus-leger-1-e1650878456371.jpg 1687w\" sizes=\"(max-width: 256px) 100vw, 256px\" \/><\/div>\n\n\t\t\t<div class=\"video_infos has-extra-tite\">\n\t\t\t<div class=\"video_title\" style=\"color:#95c030\">Paul Servin et Thomas Cobb<\/div>\n\t\t\t<div class=\"video_subtitle\">Vous allez faire d'\u00e9normes \u00e9conomies d'eau et de lessive avec notre machine \u00e0 laver<\/div>\n\t\t\t<\/div>\n\n\t\t\t<\/div>\n\n\t\t\t<\/a>\n\t\t\t<\/li><li>\n\t\t\t<a href=\"https:\/\/www.shamengo.com\/fr\/video\/notre-magasin-de-rue-permet-aux-sdf-de-shabiller-gratuitement\/\"  data-video-id=\"816\" data-wp-video-id=\"70127\">\n\n\t\t\t<div class=\"related_video_container\">\n\n\t\t\t<div class=\"video_poster\"><img decoding=\"async\" width=\"256\" height=\"110\" src=\"\/\/www.shamengo.com\/wp-content\/uploads\/2022\/02\/16-9-Kayli-Vee-Levitan-e1644317973336-256x110.png\" class=\"attachment-video-thumb size-video-thumb wp-post-image\" alt=\"\" srcset=\"\/\/www.shamengo.com\/wp-content\/uploads\/2022\/02\/16-9-Kayli-Vee-Levitan-e1644317973336-256x110.png 256w, \/\/www.shamengo.com\/wp-content\/uploads\/2022\/02\/16-9-Kayli-Vee-Levitan-e1644317973336-350x150.png 350w, \/\/www.shamengo.com\/wp-content\/uploads\/2022\/02\/16-9-Kayli-Vee-Levitan-e1644317973336-1024x440.png 1024w, \/\/www.shamengo.com\/wp-content\/uploads\/2022\/02\/16-9-Kayli-Vee-Levitan-e1644317973336-768x330.png 768w, \/\/www.shamengo.com\/wp-content\/uploads\/2022\/02\/16-9-Kayli-Vee-Levitan-e1644317973336-1536x660.png 1536w, \/\/www.shamengo.com\/wp-content\/uploads\/2022\/02\/16-9-Kayli-Vee-Levitan-e1644317973336-600x258.png 600w, \/\/www.shamengo.com\/wp-content\/uploads\/2022\/02\/16-9-Kayli-Vee-Levitan-e1644317973336.png 2048w\" sizes=\"(max-width: 256px) 100vw, 256px\" \/><\/div>\n\n\t\t\t<div class=\"video_infos has-extra-tite\">\n\t\t\t<div class=\"video_title\" style=\"color:#f19a2e\">Kayli Vee Levitan<\/div>\n\t\t\t<div class=\"video_subtitle\">Notre magasin de rue permet aux SDF de s'habiller gratuitement<\/div>\n\t\t\t<\/div>\n\n\t\t\t<\/div>\n\n\t\t\t<\/a>\n\t\t\t<\/li><li>\n\t\t\t<a href=\"https:\/\/www.shamengo.com\/fr\/video\/jutilise-vos-vieux-jeans-pour-isoler-vos-maisons\/\"  data-video-id=\"713\" data-wp-video-id=\"51758\">\n\n\t\t\t<div class=\"related_video_container\">\n\n\t\t\t<div class=\"video_poster\"><img decoding=\"async\" width=\"254\" height=\"144\" src=\"\/\/www.shamengo.com\/wp-content\/uploads\/2021\/03\/DUPONCHEL-1063X604-254x144.jpg\" class=\"attachment-video-thumb size-video-thumb wp-post-image\" alt=\"\" srcset=\"\/\/www.shamengo.com\/wp-content\/uploads\/2021\/03\/DUPONCHEL-1063X604-254x144.jpg 254w, \/\/www.shamengo.com\/wp-content\/uploads\/2021\/03\/DUPONCHEL-1063X604-350x198.jpg 350w, \/\/www.shamengo.com\/wp-content\/uploads\/2021\/03\/DUPONCHEL-1063X604-1024x580.jpg 1024w, \/\/www.shamengo.com\/wp-content\/uploads\/2021\/03\/DUPONCHEL-1063X604-768x435.jpg 768w, \/\/www.shamengo.com\/wp-content\/uploads\/2021\/03\/DUPONCHEL-1063X604-600x340.jpg 600w, \/\/www.shamengo.com\/wp-content\/uploads\/2021\/03\/DUPONCHEL-1063X604.jpg 1064w\" sizes=\"(max-width: 254px) 100vw, 254px\" \/><\/div>\n\n\t\t\t<div class=\"video_infos has-extra-tite\">\n\t\t\t<div class=\"video_title\" style=\"color:#95c030\">pierre duponchel<\/div>\n\t\t\t<div class=\"video_subtitle\">J'utilise vos vieux jeans pour isoler vos maisons<\/div>\n\t\t\t<\/div>\n\n\t\t\t<\/div>\n\n\t\t\t<\/a>\n\t\t\t<\/li><li>\n\t\t\t<a href=\"https:\/\/www.shamengo.com\/fr\/video\/jai-invente-une-machine-pour-teindre-le-tissus-avec-des-dechets-organiques\/\"  data-video-id=\"584\" data-wp-video-id=\"14528\">\n\n\t\t\t<div class=\"related_video_container\">\n\n\t\t\t<div class=\"video_poster\"><img decoding=\"async\" width=\"256\" height=\"144\" src=\"\/\/www.shamengo.com\/wp-content\/uploads\/2016\/12\/7132.jpg\" class=\"attachment-video-thumb size-video-thumb wp-post-image\" alt=\"\" srcset=\"\/\/www.shamengo.com\/wp-content\/uploads\/2016\/12\/7132.jpg 1108w, \/\/www.shamengo.com\/wp-content\/uploads\/2016\/12\/7132-350x197.jpg 350w, \/\/www.shamengo.com\/wp-content\/uploads\/2016\/12\/7132-768x432.jpg 768w, \/\/www.shamengo.com\/wp-content\/uploads\/2016\/12\/7132-1024x576.jpg 1024w\" sizes=\"(max-width: 256px) 100vw, 256px\" \/><\/div>\n\n\t\t\t<div class=\"video_infos has-extra-tite\">\n\t\t\t<div class=\"video_title\" style=\"color:#cc096c\">aurelia wolff<\/div>\n\t\t\t<div class=\"video_subtitle\">j'ai invent\u00e9 une machine pour teindre le tissus avec des d\u00e9chets organiques<\/div>\n\t\t\t<\/div>\n\n\t\t\t<\/div>\n\n\t\t\t<\/a>\n\t\t\t<\/li><li>\n\t\t\t<a href=\"https:\/\/www.shamengo.com\/fr\/video\/jai-cree-un-tissu-desodorisant-a-base-de-marc-de-cafe\/\"  data-video-id=\"484\" data-wp-video-id=\"14611\">\n\n\t\t\t<div class=\"related_video_container\">\n\n\t\t\t<div class=\"video_poster\"><img decoding=\"async\" width=\"256\" height=\"144\" src=\"\/\/www.shamengo.com\/wp-content\/uploads\/2019\/02\/484.jpeg\" class=\"attachment-video-thumb size-video-thumb wp-post-image\" alt=\"\" srcset=\"\/\/www.shamengo.com\/wp-content\/uploads\/2019\/02\/484.jpeg 1134w, \/\/www.shamengo.com\/wp-content\/uploads\/2019\/02\/484-350x197.jpeg 350w, \/\/www.shamengo.com\/wp-content\/uploads\/2019\/02\/484-768x433.jpeg 768w, \/\/www.shamengo.com\/wp-content\/uploads\/2019\/02\/484-1024x577.jpeg 1024w, \/\/www.shamengo.com\/wp-content\/uploads\/2019\/02\/484-600x338.jpeg 600w\" sizes=\"(max-width: 256px) 100vw, 256px\" \/><\/div>\n\n\t\t\t<div class=\"video_infos has-extra-tite\">\n\t\t\t<div class=\"video_title\" style=\"color:#cc096c\">Jason Chen<\/div>\n\t\t\t<div class=\"video_subtitle\">J\u2019ai cr\u00e9\u00e9 un tissu d\u00e9sodorisant \u00e0 base de marc de caf\u00e9<\/div>\n\t\t\t<\/div>\n\n\t\t\t<\/div>\n\n\t\t\t<\/a>\n\t\t\t<\/li><li>\n\t\t\t<a href=\"https:\/\/www.shamengo.com\/fr\/video\/mes-escarpins-sont-fabriques-en-peau-de-poisson\/\"  data-video-id=\"381\" data-wp-video-id=\"14468\">\n\n\t\t\t<div class=\"related_video_container\">\n\n\t\t\t<div class=\"video_poster\"><img decoding=\"async\" width=\"256\" height=\"144\" src=\"\/\/www.shamengo.com\/wp-content\/uploads\/2013\/12\/3126.jpg\" class=\"attachment-video-thumb size-video-thumb wp-post-image\" alt=\"\" srcset=\"\/\/www.shamengo.com\/wp-content\/uploads\/2013\/12\/3126.jpg 1920w, \/\/www.shamengo.com\/wp-content\/uploads\/2013\/12\/3126-350x197.jpg 350w, \/\/www.shamengo.com\/wp-content\/uploads\/2013\/12\/3126-768x432.jpg 768w, \/\/www.shamengo.com\/wp-content\/uploads\/2013\/12\/3126-1024x576.jpg 1024w\" sizes=\"(max-width: 256px) 100vw, 256px\" \/><\/div>\n\n\t\t\t<div class=\"video_infos has-extra-tite\">\n\t\t\t<div class=\"video_title\" style=\"color:#cc096c\">Angie Chatrakul<\/div>\n\t\t\t<div class=\"video_subtitle\">Mes escarpins sont fabriqu\u00e9s en peau de poisson<\/div>\n\t\t\t<\/div>\n\n\t\t\t<\/div>\n\n\t\t\t<\/a>\n\t\t\t<\/li><li>\n\t\t\t<a href=\"https:\/\/www.shamengo.com\/fr\/video\/je-transforme-la-peau-du-saumon-en-cuir-equitable\/\"  data-video-id=\"312\" data-wp-video-id=\"14260\">\n\n\t\t\t<div class=\"related_video_container\">\n\n\t\t\t<div class=\"video_poster\"><img decoding=\"async\" width=\"256\" height=\"144\" src=\"\/\/www.shamengo.com\/wp-content\/uploads\/2013\/02\/2466.jpg\" class=\"attachment-video-thumb size-video-thumb wp-post-image\" alt=\"\" srcset=\"\/\/www.shamengo.com\/wp-content\/uploads\/2013\/02\/2466.jpg 1134w, \/\/www.shamengo.com\/wp-content\/uploads\/2013\/02\/2466-350x197.jpg 350w, \/\/www.shamengo.com\/wp-content\/uploads\/2013\/02\/2466-768x431.jpg 768w, \/\/www.shamengo.com\/wp-content\/uploads\/2013\/02\/2466-1024x575.jpg 1024w\" sizes=\"(max-width: 256px) 100vw, 256px\" \/><\/div>\n\n\t\t\t<div class=\"video_infos has-extra-tite\">\n\t\t\t<div class=\"video_title\" style=\"color:#cc096c\">Stiven Kerestegian<\/div>\n\t\t\t<div class=\"video_subtitle\">Je transforme la peau du saumon en cuir \u00e9quitable<\/div>\n\t\t\t<\/div>\n\n\t\t\t<\/div>\n\n\t\t\t<\/a>\n\t\t\t<\/li><li>\n\t\t\t<a href=\"https:\/\/www.shamengo.com\/fr\/video\/je-fais-pousser-des-vetements-comme-des-champignons\/\"  data-video-id=\"314\" data-wp-video-id=\"14360\">\n\n\t\t\t<div class=\"related_video_container\">\n\n\t\t\t<div class=\"video_poster\"><img decoding=\"async\" width=\"211\" height=\"144\" src=\"\/\/www.shamengo.com\/wp-content\/uploads\/2012\/05\/2221.jpg\" class=\"attachment-video-thumb size-video-thumb wp-post-image\" alt=\"\" srcset=\"\/\/www.shamengo.com\/wp-content\/uploads\/2012\/05\/2221.jpg 788w, \/\/www.shamengo.com\/wp-content\/uploads\/2012\/05\/2221-350x239.jpg 350w, \/\/www.shamengo.com\/wp-content\/uploads\/2012\/05\/2221-768x524.jpg 768w\" sizes=\"(max-width: 211px) 100vw, 211px\" \/><\/div>\n\n\t\t\t<div class=\"video_infos has-extra-tite\">\n\t\t\t<div class=\"video_title\" style=\"color:#cc096c\">Suzanne Lee<\/div>\n\t\t\t<div class=\"video_subtitle\">Je fais pousser des v\u00eatements comme des champignons<\/div>\n\t\t\t<\/div>\n\n\t\t\t<\/div>\n\n\t\t\t<\/a>\n\t\t\t<\/li><li>\n\t\t\t<a href=\"https:\/\/www.shamengo.com\/fr\/video\/jai-cree-un-tissu-en-fibre-de-lotus\/\"  data-video-id=\"146\" data-wp-video-id=\"14354\">\n\n\t\t\t<div class=\"related_video_container\">\n\n\t\t\t<div class=\"video_poster\"><img decoding=\"async\" width=\"216\" height=\"144\" src=\"\/\/www.shamengo.com\/wp-content\/uploads\/2012\/04\/2210.jpg\" class=\"attachment-video-thumb size-video-thumb wp-post-image\" alt=\"\" srcset=\"\/\/www.shamengo.com\/wp-content\/uploads\/2012\/04\/2210.jpg 886w, \/\/www.shamengo.com\/wp-content\/uploads\/2012\/04\/2210-350x233.jpg 350w, \/\/www.shamengo.com\/wp-content\/uploads\/2012\/04\/2210-768x511.jpg 768w\" sizes=\"(max-width: 216px) 100vw, 216px\" \/><\/div>\n\n\t\t\t<div class=\"video_infos has-extra-tite\">\n\t\t\t<div class=\"video_title\" style=\"color:#cc096c\">Awen Delaval<\/div>\n\t\t\t<div class=\"video_subtitle\">J\u2019ai cr\u00e9\u00e9 un tissu en fibre de lotus<\/div>\n\t\t\t<\/div>\n\n\t\t\t<\/div>\n\n\t\t\t<\/a>\n\t\t\t<\/li><li>\n\t\t\t<a href=\"https:\/\/www.shamengo.com\/fr\/video\/je-transforme-des-sacs-de-nourriture-a-poissons-en-cabas-tres-chics\/\"  data-video-id=\"264\" data-wp-video-id=\"14306\">\n\n\t\t\t<div class=\"related_video_container\">\n\n\t\t\t<div class=\"video_poster\"><img decoding=\"async\" width=\"232\" height=\"144\" src=\"\/\/www.shamengo.com\/wp-content\/uploads\/2011\/11\/2423.jpg\" class=\"attachment-video-thumb size-video-thumb wp-post-image\" alt=\"\" srcset=\"\/\/www.shamengo.com\/wp-content\/uploads\/2011\/11\/2423.jpg 729w, \/\/www.shamengo.com\/wp-content\/uploads\/2011\/11\/2423-350x217.jpg 350w\" sizes=\"(max-width: 232px) 100vw, 232px\" \/><\/div>\n\n\t\t\t<div class=\"video_infos has-extra-tite\">\n\t\t\t<div class=\"video_title\" style=\"color:#cc096c\">Nina Raeber<\/div>\n\t\t\t<div class=\"video_subtitle\">Je transforme des sacs de nourriture \u00e0 poissons en cabas tr\u00e8s chics<\/div>\n\t\t\t<\/div>\n\n\t\t\t<\/div>\n\n\t\t\t<\/a>\n\t\t\t<\/li><li>\n\t\t\t<a href=\"https:\/\/www.shamengo.com\/fr\/video\/je-defends-le-port-de-la-jupe-pour-hommes\/\"  data-video-id=\"224\" data-wp-video-id=\"14292\">\n\n\t\t\t<div class=\"related_video_container\">\n\n\t\t\t<div class=\"video_poster\"><img decoding=\"async\" width=\"256\" height=\"144\" src=\"\/\/www.shamengo.com\/wp-content\/uploads\/2019\/02\/224_2.jpg\" class=\"attachment-video-thumb size-video-thumb wp-post-image\" alt=\"\" srcset=\"\/\/www.shamengo.com\/wp-content\/uploads\/2019\/02\/224_2.jpg 1280w, \/\/www.shamengo.com\/wp-content\/uploads\/2019\/02\/224_2-350x197.jpg 350w, \/\/www.shamengo.com\/wp-content\/uploads\/2019\/02\/224_2-768x432.jpg 768w, \/\/www.shamengo.com\/wp-content\/uploads\/2019\/02\/224_2-1024x576.jpg 1024w, \/\/www.shamengo.com\/wp-content\/uploads\/2019\/02\/224_2-600x338.jpg 600w\" sizes=\"(max-width: 256px) 100vw, 256px\" \/><\/div>\n\n\t\t\t<div class=\"video_infos has-extra-tite\">\n\t\t\t<div class=\"video_title\" style=\"color:#25bced\">J\u00e9r\u00f4me Salom\u00e9<\/div>\n\t\t\t<div class=\"video_subtitle\">je d\u00e9fends le port de la jupe pour hommes<\/div>\n\t\t\t<\/div>\n\n\t\t\t<\/div>\n\n\t\t\t<\/a>\n\t\t\t<\/li><li>\n\t\t\t<a href=\"https:\/\/www.shamengo.com\/fr\/video\/je-transforme-des-parapentes-reformes-en-robe-de-soiree\/\"  data-video-id=\"330\" data-wp-video-id=\"14262\">\n\n\t\t\t<div class=\"related_video_container\">\n\n\t\t\t<div class=\"video_poster\"><img decoding=\"async\" width=\"253\" height=\"144\" src=\"\/\/www.shamengo.com\/wp-content\/uploads\/2011\/06\/1976.jpg\" class=\"attachment-video-thumb size-video-thumb wp-post-image\" alt=\"\" srcset=\"\/\/www.shamengo.com\/wp-content\/uploads\/2011\/06\/1976.jpg 1772w, \/\/www.shamengo.com\/wp-content\/uploads\/2011\/06\/1976-350x199.jpg 350w, \/\/www.shamengo.com\/wp-content\/uploads\/2011\/06\/1976-768x436.jpg 768w, \/\/www.shamengo.com\/wp-content\/uploads\/2011\/06\/1976-1024x582.jpg 1024w\" sizes=\"(max-width: 253px) 100vw, 253px\" \/><\/div>\n\n\t\t\t<div class=\"video_infos has-extra-tite\">\n\t\t\t<div class=\"video_title\" style=\"color:#cc096c\">Val\u00e9rie Pache<\/div>\n\t\t\t<div class=\"video_subtitle\">Je transforme des parapentes r\u00e9form\u00e9s en robe de soir\u00e9e<\/div>\n\t\t\t<\/div>\n\n\t\t\t<\/div>\n\n\t\t\t<\/a>\n\t\t\t<\/li><\/ul>\n\t\t<\/div>\n\t\t<\/div>\n\n\t\t<\/div>\n\n\t\t<div id=\"back_to_channel_listing\">\n\t\t<div class=\"so-wrapper\">\n\t\t<a href=\"https:\/\/www.shamengo.com\/fr\/les-chaines-tv\/?t_body=1\"><i class=\"fa fa-caret-left\" aria-hidden=\"true\"><\/i>Retour aux cha\u00eenes TV<\/a>\n\t\t<\/div>\n\t\t<\/div>\n\n\t\t<\/div>\n\t\t[\/vc_column][\/vc_row][\/vc_section][vc_section full_width=&#8221;stretch_row_content&#8221; el_class=&#8221;image-banner-text-box cta-soutenir-shamengo&#8221; css=&#8221;.vc_custom_1569930749408{background-image: url(\/\/shamengo.com\/wp-content\/uploads\/2019\/09\/CTA-Dons_villa_lounge-zoom.jpg?id=50150) !important;background-position: center !important;background-repeat: no-repeat !important;background-size: cover !important;}&#8221;][vc_row][vc_column][vc_column_text]<\/p>\n<h2 style=\"text-align: center; margin-bottom: 10px;\"><img decoding=\"async\" class=\"aligncenter wp-image-37745\" src=\"\/\/shamengo.com\/wp-content\/uploads\/2018\/08\/don.png\" alt=\"\" width=\"110\" height=\"96\" \/><\/h2>\n<h2 style=\"text-align: center;\">JE SOUTIENS SHAMENGO<\/h2>\n<h3 style=\"text-align: center;\">Votre don est pr\u00e9cieux. Il nous permettra de continuer cette incroyable aventure.<\/h3>\n<p>[\/vc_column_text][vc_btn title=&#8221;EN SAVOIR PLUS&#8221; color=&#8221;so-white&#8221; align=&#8221;center&#8221; link=&#8221;url:https%3A%2F%2Fshamengo.com%2Ffr%2Fsoutenir-shamengo%2F|||&#8221;][\/vc_column][\/vc_row][\/vc_section]<\/p>\n<\/div>","protected":false},"excerpt":{"rendered":"<p>[vc_section full_width=&#8221;stretch_row_content&#8221; el_class=&#8221;header-image-section&#8221; css=&#8221;.vc_custom_1536573527852{background-image: url(\/\/shamengo.com\/wp-content\/uploads\/2018\/04\/Laure-Meryam-Afrique-Sud.jpg?id=22030) !important;}&#8221;][vc_row][vc_column][\/vc_column][\/vc_row][\/vc_section][vc_section full_width=&#8221;stretch_row_content&#8221;][vc_row][vc_column][\/vc_column][\/vc_row][\/vc_section][vc_section full_width=&#8221;stretch_row_content&#8221; el_class=&#8221;image-banner-text-box cta-soutenir-shamengo&#8221; css=&#8221;.vc_custom_1569930749408{background-image: url(\/\/shamengo.com\/wp-content\/uploads\/2019\/09\/CTA-Dons_villa_lounge-zoom.jpg?id=50150) !important;background-position: center !important;background-repeat: no-repeat !important;background-size: cover !important;}&#8221;][vc_row][vc_column][vc_column_text] JE SOUTIENS SHAMENGO Votre don est pr\u00e9cieux. Il nous permettra de continuer cette incroyable aventure. [\/vc_column_text][vc_btn title=&#8221;EN SAVOIR PLUS&#8221; color=&#8221;so-white&#8221; align=&#8221;center&#8221; link=&#8221;url:https%3A%2F%2Fshamengo.com%2Ffr%2Fsoutenir-shamengo%2F|||&#8221;][\/vc_column][\/vc_row][\/vc_section]<\/p>\n","protected":false},"author":12337,"featured_media":0,"parent":0,"menu_order":0,"comment_status":"closed","ping_status":"closed","template":"","meta":{"_acf_changed":false,"footnotes":""},"thematique":[],"class_list":["post-81475","page","type-page","status-publish","hentry"],"acf":{"top_page":false},"_links":{"self":[{"href":"https:\/\/www.shamengo.com\/fr\/wp-json\/wp\/v2\/pages\/81475","targetHints":{"allow":["GET"]}}],"collection":[{"href":"https:\/\/www.shamengo.com\/fr\/wp-json\/wp\/v2\/pages"}],"about":[{"href":"https:\/\/www.shamengo.com\/fr\/wp-json\/wp\/v2\/types\/page"}],"author":[{"embeddable":true,"href":"https:\/\/www.shamengo.com\/fr\/wp-json\/wp\/v2\/users\/12337"}],"replies":[{"embeddable":true,"href":"https:\/\/www.shamengo.com\/fr\/wp-json\/wp\/v2\/comments?post=81475"}],"version-history":[{"count":1,"href":"https:\/\/www.shamengo.com\/fr\/wp-json\/wp\/v2\/pages\/81475\/revisions"}],"predecessor-version":[{"id":81480,"href":"https:\/\/www.shamengo.com\/fr\/wp-json\/wp\/v2\/pages\/81475\/revisions\/81480"}],"wp:attachment":[{"href":"https:\/\/www.shamengo.com\/fr\/wp-json\/wp\/v2\/media?parent=81475"}],"wp:term":[{"taxonomy":"thematique","embeddable":true,"href":"https:\/\/www.shamengo.com\/fr\/wp-json\/wp\/v2\/thematique?post=81475"}],"curies":[{"name":"wp","href":"https:\/\/api.w.org\/{rel}","templated":true}]}}