{"id":80624,"date":"2023-01-20T11:27:00","date_gmt":"2023-01-20T10:27:00","guid":{"rendered":"https:\/\/shamengo.com\/?page_id=80624"},"modified":"2023-10-13T18:54:14","modified_gmt":"2023-10-13T17:54:14","slug":"le-blog-2","status":"publish","type":"page","link":"https:\/\/www.shamengo.com\/fr\/le-blog-2\/","title":{"rendered":"L&#8217;actu 2023"},"content":{"rendered":"<div class=\"wpb-content-wrapper\"><p>[vc_section full_width=&#8221;stretch_row_content&#8221; el_class=&#8221;header-image-section&#8221; css=&#8221;.vc_custom_1536609603039{background-image: url(\/\/shamengo.com\/wp-content\/uploads\/2018\/09\/actus-shamengo.jpg?id=37911) !important;}&#8221;][\/vc_section][vc_section][vc_row el_id=&#8221;site-title&#8221;][vc_column][vc_column_text]<\/p>\n<h1 style=\"text-align: center;\">L&#8217;ACTU<\/h1>\n<p style=\"text-align: center;\">Des nouvelles rafra\u00eechissantes sur les pionniers, la villa, l&#8217;\u00e9cole et l&#8217;\u00e9quipe Shamengo !<\/p>\n<p>[\/vc_column_text][\/vc_column][\/vc_row][\/vc_section][vc_section][vc_row][vc_column][\/vc_column][\/vc_row][\/vc_section][vc_section full_width=&#8221;stretch_row&#8221; css=&#8221;.vc_custom_1529356000171{background-color: #f7f7f7 !important;}&#8221;][vc_row][vc_column]\n\t<style>\n\n\t\t#vc_so_news_list_912682 .vc_so_news_list_banner_title { color : #656462; }\n\t\t#vc_so_news_list_912682 .vc_so_news_item_title a { color : #656462; }\n\t\t#vc_so_news_list_912682 .vc_so_news_item_desc { color : #656462; }\n\t\t#vc_so_news_list_912682 .vc_so_news_item_readmore a { color : #656462; background-color : #fff0; border-color : #656462; }\n\t\t#vc_so_news_list_912682 .vc_so_news_item_readmore a:hover { color : #fff; background-color : #656462; border-color : #656462; }\n\t\t#vc_so_news_list_912682 .vc_so_news_list_container .grid-item{ background-color: #fff; }\n\n\t#vc_so_news_list_912682 .prendre-soin-de-soi .vc_so_news_item_title a { color : #25bced; }#vc_so_news_list_912682 .prendre-soin-de-soi .vc_so_news_item_readmore a { color : #25bced; background-color : rgba(255,255,255,0); border-color : #25bced; }#vc_so_news_list_912682 .prendre-soin-de-soi .vc_so_news_item_readmore a:hover { color : #fff; background-color : #25bced; border-color : #25bced; }#vc_so_news_list_912682 .alimentation-saine .vc_so_news_item_title a { color : #656462; }#vc_so_news_list_912682 .alimentation-saine .vc_so_news_item_readmore a { color : #656462; background-color : rgba(255,255,255,0); border-color : #656462; }#vc_so_news_list_912682 .alimentation-saine .vc_so_news_item_readmore a:hover { color : #fff; background-color : #656462; border-color : #656462; }#vc_so_news_list_912682 .bien-etre-corporel .vc_so_news_item_title a { color : #656462; }#vc_so_news_list_912682 .bien-etre-corporel .vc_so_news_item_readmore a { color : #656462; background-color : rgba(255,255,255,0); border-color : #656462; }#vc_so_news_list_912682 .bien-etre-corporel .vc_so_news_item_readmore a:hover { color : #fff; background-color : #656462; border-color : #656462; }#vc_so_news_list_912682 .cosmetique-naturelle .vc_so_news_item_title a { color : #656462; }#vc_so_news_list_912682 .cosmetique-naturelle .vc_so_news_item_readmore a { color : #656462; background-color : rgba(255,255,255,0); border-color : #656462; }#vc_so_news_list_912682 .cosmetique-naturelle .vc_so_news_item_readmore a:hover { color : #fff; background-color : #656462; border-color : #656462; }#vc_so_news_list_912682 .developpement-personnel .vc_so_news_item_title a { color : #656462; }#vc_so_news_list_912682 .developpement-personnel .vc_so_news_item_readmore a { color : #656462; background-color : rgba(255,255,255,0); border-color : #656462; }#vc_so_news_list_912682 .developpement-personnel .vc_so_news_item_readmore a:hover { color : #fff; background-color : #656462; border-color : #656462; }#vc_so_news_list_912682 .equilibre-psychologique .vc_so_news_item_title a { color : #656462; }#vc_so_news_list_912682 .equilibre-psychologique .vc_so_news_item_readmore a { color : #656462; background-color : rgba(255,255,255,0); border-color : #656462; }#vc_so_news_list_912682 .equilibre-psychologique .vc_so_news_item_readmore a:hover { color : #fff; background-color : #656462; border-color : #656462; }#vc_so_news_list_912682 .innovation-medicale .vc_so_news_item_title a { color : #656462; }#vc_so_news_list_912682 .innovation-medicale .vc_so_news_item_readmore a { color : #656462; background-color : rgba(255,255,255,0); border-color : #656462; }#vc_so_news_list_912682 .innovation-medicale .vc_so_news_item_readmore a:hover { color : #fff; background-color : #656462; border-color : #656462; }#vc_so_news_list_912682 .medecine-naturelle .vc_so_news_item_title a { color : #656462; }#vc_so_news_list_912682 .medecine-naturelle .vc_so_news_item_readmore a { color : #656462; background-color : rgba(255,255,255,0); border-color : #656462; }#vc_so_news_list_912682 .medecine-naturelle .vc_so_news_item_readmore a:hover { color : #fff; background-color : #656462; border-color : #656462; }#vc_so_news_list_912682 .prevention-sante .vc_so_news_item_title a { color : #656462; }#vc_so_news_list_912682 .prevention-sante .vc_so_news_item_readmore a { color : #656462; background-color : rgba(255,255,255,0); border-color : #656462; }#vc_so_news_list_912682 .prevention-sante .vc_so_news_item_readmore a:hover { color : #fff; background-color : #656462; border-color : #656462; }#vc_so_news_list_912682 .slow-movement-fr .vc_so_news_item_title a { color : #656462; }#vc_so_news_list_912682 .slow-movement-fr .vc_so_news_item_readmore a { color : #656462; background-color : rgba(255,255,255,0); border-color : #656462; }#vc_so_news_list_912682 .slow-movement-fr .vc_so_news_item_readmore a:hover { color : #fff; background-color : #656462; border-color : #656462; }#vc_so_news_list_912682 .spiritualite-laique .vc_so_news_item_title a { color : #656462; }#vc_so_news_list_912682 .spiritualite-laique .vc_so_news_item_readmore a { color : #656462; background-color : rgba(255,255,255,0); border-color : #656462; }#vc_so_news_list_912682 .spiritualite-laique .vc_so_news_item_readmore a:hover { color : #fff; background-color : #656462; border-color : #656462; }#vc_so_news_list_912682 .zootherapie .vc_so_news_item_title a { color : #656462; }#vc_so_news_list_912682 .zootherapie .vc_so_news_item_readmore a { color : #656462; background-color : rgba(255,255,255,0); border-color : #656462; }#vc_so_news_list_912682 .zootherapie .vc_so_news_item_readmore a:hover { color : #fff; background-color : #656462; border-color : #656462; }#vc_so_news_list_912682 .creer-dans-l-ethique .vc_so_news_item_title a { color : #cc096c; }#vc_so_news_list_912682 .creer-dans-l-ethique .vc_so_news_item_readmore a { color : #cc096c; background-color : rgba(255,255,255,0); border-color : #cc096c; }#vc_so_news_list_912682 .creer-dans-l-ethique .vc_so_news_item_readmore a:hover { color : #fff; background-color : #cc096c; border-color : #cc096c; }#vc_so_news_list_912682 .action-citoyenne .vc_so_news_item_title a { color : #656462; }#vc_so_news_list_912682 .action-citoyenne .vc_so_news_item_readmore a { color : #656462; background-color : rgba(255,255,255,0); border-color : #656462; }#vc_so_news_list_912682 .action-citoyenne .vc_so_news_item_readmore a:hover { color : #fff; background-color : #656462; border-color : #656462; }#vc_so_news_list_912682 .civic-tech-fr .vc_so_news_item_title a { color : #656462; }#vc_so_news_list_912682 .civic-tech-fr .vc_so_news_item_readmore a { color : #656462; background-color : rgba(255,255,255,0); border-color : #656462; }#vc_so_news_list_912682 .civic-tech-fr .vc_so_news_item_readmore a:hover { color : #fff; background-color : #656462; border-color : #656462; }#vc_so_news_list_912682 .commerce-equitable .vc_so_news_item_title a { color : #656462; }#vc_so_news_list_912682 .commerce-equitable .vc_so_news_item_readmore a { color : #656462; background-color : rgba(255,255,255,0); border-color : #656462; }#vc_so_news_list_912682 .commerce-equitable .vc_so_news_item_readmore a:hover { color : #fff; background-color : #656462; border-color : #656462; }#vc_so_news_list_912682 .eco-design-fr .vc_so_news_item_title a { color : #656462; }#vc_so_news_list_912682 .eco-design-fr .vc_so_news_item_readmore a { color : #656462; background-color : rgba(255,255,255,0); border-color : #656462; }#vc_so_news_list_912682 .eco-design-fr .vc_so_news_item_readmore a:hover { color : #fff; background-color : #656462; border-color : #656462; }#vc_so_news_list_912682 .economie-collaborative .vc_so_news_item_title a { color : #656462; }#vc_so_news_list_912682 .economie-collaborative .vc_so_news_item_readmore a { color : #656462; background-color : rgba(255,255,255,0); border-color : #656462; }#vc_so_news_list_912682 .economie-collaborative .vc_so_news_item_readmore a:hover { color : #fff; background-color : #656462; border-color : #656462; }#vc_so_news_list_912682 .entrepreneuriat-social .vc_so_news_item_title a { color : #656462; }#vc_so_news_list_912682 .entrepreneuriat-social .vc_so_news_item_readmore a { color : #656462; background-color : rgba(255,255,255,0); border-color : #656462; }#vc_so_news_list_912682 .entrepreneuriat-social .vc_so_news_item_readmore a:hover { color : #fff; background-color : #656462; border-color : #656462; }#vc_so_news_list_912682 .finance-responsable .vc_so_news_item_title a { color : #656462; }#vc_so_news_list_912682 .finance-responsable .vc_so_news_item_readmore a { color : #656462; background-color : rgba(255,255,255,0); border-color : #656462; }#vc_so_news_list_912682 .finance-responsable .vc_so_news_item_readmore a:hover { color : #fff; background-color : #656462; border-color : #656462; }#vc_so_news_list_912682 .management-humaniste .vc_so_news_item_title a { color : #656462; }#vc_so_news_list_912682 .management-humaniste .vc_so_news_item_readmore a { color : #656462; background-color : rgba(255,255,255,0); border-color : #656462; }#vc_so_news_list_912682 .management-humaniste .vc_so_news_item_readmore a:hover { color : #fff; background-color : #656462; border-color : #656462; }#vc_so_news_list_912682 .mode-ethique .vc_so_news_item_title a { color : #656462; }#vc_so_news_list_912682 .mode-ethique .vc_so_news_item_readmore a { color : #656462; background-color : rgba(255,255,255,0); border-color : #656462; }#vc_so_news_list_912682 .mode-ethique .vc_so_news_item_readmore a:hover { color : #fff; background-color : #656462; border-color : #656462; }#vc_so_news_list_912682 .science-responsable .vc_so_news_item_title a { color : #656462; }#vc_so_news_list_912682 .science-responsable .vc_so_news_item_readmore a { color : #656462; background-color : rgba(255,255,255,0); border-color : #656462; }#vc_so_news_list_912682 .science-responsable .vc_so_news_item_readmore a:hover { color : #fff; background-color : #656462; border-color : #656462; }#vc_so_news_list_912682 .tourisme-responsable .vc_so_news_item_title a { color : #656462; }#vc_so_news_list_912682 .tourisme-responsable .vc_so_news_item_readmore a { color : #656462; background-color : rgba(255,255,255,0); border-color : #656462; }#vc_so_news_list_912682 .tourisme-responsable .vc_so_news_item_readmore a:hover { color : #fff; background-color : #656462; border-color : #656462; }#vc_so_news_list_912682 .preserver-la-planete .vc_so_news_item_title a { color : #95c030; }#vc_so_news_list_912682 .preserver-la-planete .vc_so_news_item_readmore a { color : #95c030; background-color : rgba(255,255,255,0); border-color : #95c030; }#vc_so_news_list_912682 .preserver-la-planete .vc_so_news_item_readmore a:hover { color : #fff; background-color : #95c030; border-color : #95c030; }#vc_so_news_list_912682 .agriculture-durable .vc_so_news_item_title a { color : #656462; }#vc_so_news_list_912682 .agriculture-durable .vc_so_news_item_readmore a { color : #656462; background-color : rgba(255,255,255,0); border-color : #656462; }#vc_so_news_list_912682 .agriculture-durable .vc_so_news_item_readmore a:hover { color : #fff; background-color : #656462; border-color : #656462; }#vc_so_news_list_912682 .biomimetisme .vc_so_news_item_title a { color : #656462; }#vc_so_news_list_912682 .biomimetisme .vc_so_news_item_readmore a { color : #656462; background-color : rgba(255,255,255,0); border-color : #656462; }#vc_so_news_list_912682 .biomimetisme .vc_so_news_item_readmore a:hover { color : #fff; background-color : #656462; border-color : #656462; }#vc_so_news_list_912682 .energie-renouvelable .vc_so_news_item_title a { color : #656462; }#vc_so_news_list_912682 .energie-renouvelable .vc_so_news_item_readmore a { color : #656462; background-color : rgba(255,255,255,0); border-color : #656462; }#vc_so_news_list_912682 .energie-renouvelable .vc_so_news_item_readmore a:hover { color : #fff; background-color : #656462; border-color : #656462; }#vc_so_news_list_912682 .gestion-des-dechets .vc_so_news_item_title a { color : #656462; }#vc_so_news_list_912682 .gestion-des-dechets .vc_so_news_item_readmore a { color : #656462; background-color : rgba(255,255,255,0); border-color : #656462; }#vc_so_news_list_912682 .gestion-des-dechets .vc_so_news_item_readmore a:hover { color : #fff; background-color : #656462; border-color : #656462; }#vc_so_news_list_912682 .green-tech-fr .vc_so_news_item_title a { color : #656462; }#vc_so_news_list_912682 .green-tech-fr .vc_so_news_item_readmore a { color : #656462; background-color : rgba(255,255,255,0); border-color : #656462; }#vc_so_news_list_912682 .green-tech-fr .vc_so_news_item_readmore a:hover { color : #fff; background-color : #656462; border-color : #656462; }#vc_so_news_list_912682 .habitat-durable .vc_so_news_item_title a { color : #656462; }#vc_so_news_list_912682 .habitat-durable .vc_so_news_item_readmore a { color : #656462; background-color : rgba(255,255,255,0); border-color : #656462; }#vc_so_news_list_912682 .habitat-durable .vc_so_news_item_readmore a:hover { color : #fff; background-color : #656462; border-color : #656462; }#vc_so_news_list_912682 .low-tech-fr .vc_so_news_item_title a { color : #656462; }#vc_so_news_list_912682 .low-tech-fr .vc_so_news_item_readmore a { color : #656462; background-color : rgba(255,255,255,0); border-color : #656462; }#vc_so_news_list_912682 .low-tech-fr .vc_so_news_item_readmore a:hover { color : #fff; background-color : #656462; border-color : #656462; }#vc_so_news_list_912682 .lutte-contre-le-rechauffement-climatique .vc_so_news_item_title a { color : #656462; }#vc_so_news_list_912682 .lutte-contre-le-rechauffement-climatique .vc_so_news_item_readmore a { color : #656462; background-color : rgba(255,255,255,0); border-color : #656462; }#vc_so_news_list_912682 .lutte-contre-le-rechauffement-climatique .vc_so_news_item_readmore a:hover { color : #fff; background-color : #656462; border-color : #656462; }#vc_so_news_list_912682 .mobilite-durable .vc_so_news_item_title a { color : #656462; }#vc_so_news_list_912682 .mobilite-durable .vc_so_news_item_readmore a { color : #656462; background-color : rgba(255,255,255,0); border-color : #656462; }#vc_so_news_list_912682 .mobilite-durable .vc_so_news_item_readmore a:hover { color : #fff; background-color : #656462; border-color : #656462; }#vc_so_news_list_912682 .preservation-de-la-biodiversite .vc_so_news_item_title a { color : #656462; }#vc_so_news_list_912682 .preservation-de-la-biodiversite .vc_so_news_item_readmore a { color : #656462; background-color : rgba(255,255,255,0); border-color : #656462; }#vc_so_news_list_912682 .preservation-de-la-biodiversite .vc_so_news_item_readmore a:hover { color : #fff; background-color : #656462; border-color : #656462; }#vc_so_news_list_912682 .reduction-de-la-pollution .vc_so_news_item_title a { color : #656462; }#vc_so_news_list_912682 .reduction-de-la-pollution .vc_so_news_item_readmore a { color : #656462; background-color : rgba(255,255,255,0); border-color : #656462; }#vc_so_news_list_912682 .reduction-de-la-pollution .vc_so_news_item_readmore a:hover { color : #fff; background-color : #656462; border-color : #656462; }#vc_so_news_list_912682 .s-engager-pour-les-autres .vc_so_news_item_title a { color : #f19a2e; }#vc_so_news_list_912682 .s-engager-pour-les-autres .vc_so_news_item_readmore a { color : #f19a2e; background-color : rgba(255,255,255,0); border-color : #f19a2e; }#vc_so_news_list_912682 .s-engager-pour-les-autres .vc_so_news_item_readmore a:hover { color : #fff; background-color : #f19a2e; border-color : #f19a2e; }#vc_so_news_list_912682 .acces-a-l-eau-energie-et-assainissement .vc_so_news_item_title a { color : #656462; }#vc_so_news_list_912682 .acces-a-l-eau-energie-et-assainissement .vc_so_news_item_readmore a { color : #656462; background-color : rgba(255,255,255,0); border-color : #656462; }#vc_so_news_list_912682 .acces-a-l-eau-energie-et-assainissement .vc_so_news_item_readmore a:hover { color : #fff; background-color : #656462; border-color : #656462; }#vc_so_news_list_912682 .aide-d-urgence .vc_so_news_item_title a { color : #656462; }#vc_so_news_list_912682 .aide-d-urgence .vc_so_news_item_readmore a { color : #656462; background-color : rgba(255,255,255,0); border-color : #656462; }#vc_so_news_list_912682 .aide-d-urgence .vc_so_news_item_readmore a:hover { color : #fff; background-color : #656462; border-color : #656462; }#vc_so_news_list_912682 .autonomie-des-handicapes .vc_so_news_item_title a { color : #656462; }#vc_so_news_list_912682 .autonomie-des-handicapes .vc_so_news_item_readmore a { color : #656462; background-color : rgba(255,255,255,0); border-color : #656462; }#vc_so_news_list_912682 .autonomie-des-handicapes .vc_so_news_item_readmore a:hover { color : #fff; background-color : #656462; border-color : #656462; }#vc_so_news_list_912682 .defense-des-minorites .vc_so_news_item_title a { color : #656462; }#vc_so_news_list_912682 .defense-des-minorites .vc_so_news_item_readmore a { color : #656462; background-color : rgba(255,255,255,0); border-color : #656462; }#vc_so_news_list_912682 .defense-des-minorites .vc_so_news_item_readmore a:hover { color : #fff; background-color : #656462; border-color : #656462; }#vc_so_news_list_912682 .democratie-droits-de-l-homme .vc_so_news_item_title a { color : #656462; }#vc_so_news_list_912682 .democratie-droits-de-l-homme .vc_so_news_item_readmore a { color : #656462; background-color : rgba(255,255,255,0); border-color : #656462; }#vc_so_news_list_912682 .democratie-droits-de-l-homme .vc_so_news_item_readmore a:hover { color : #fff; background-color : #656462; border-color : #656462; }#vc_so_news_list_912682 .egalite-des-chances-et-cohesion-sociale .vc_so_news_item_title a { color : #656462; }#vc_so_news_list_912682 .egalite-des-chances-et-cohesion-sociale .vc_so_news_item_readmore a { color : #656462; background-color : rgba(255,255,255,0); border-color : #656462; }#vc_so_news_list_912682 .egalite-des-chances-et-cohesion-sociale .vc_so_news_item_readmore a:hover { color : #fff; background-color : #656462; border-color : #656462; }#vc_so_news_list_912682 .emancipation-droits-des-femmes .vc_so_news_item_title a { color : #656462; }#vc_so_news_list_912682 .emancipation-droits-des-femmes .vc_so_news_item_readmore a { color : #656462; background-color : rgba(255,255,255,0); border-color : #656462; }#vc_so_news_list_912682 .emancipation-droits-des-femmes .vc_so_news_item_readmore a:hover { color : #fff; background-color : #656462; border-color : #656462; }#vc_so_news_list_912682 .pedagogies-innovantes .vc_so_news_item_title a { color : #656462; }#vc_so_news_list_912682 .pedagogies-innovantes .vc_so_news_item_readmore a { color : #656462; background-color : rgba(255,255,255,0); border-color : #656462; }#vc_so_news_list_912682 .pedagogies-innovantes .vc_so_news_item_readmore a:hover { color : #fff; background-color : #656462; border-color : #656462; }#vc_so_news_list_912682 .protection-animale .vc_so_news_item_title a { color : #656462; }#vc_so_news_list_912682 .protection-animale .vc_so_news_item_readmore a { color : #656462; background-color : rgba(255,255,255,0); border-color : #656462; }#vc_so_news_list_912682 .protection-animale .vc_so_news_item_readmore a:hover { color : #fff; background-color : #656462; border-color : #656462; }#vc_so_news_list_912682 .protection-droits-des-enfants .vc_so_news_item_title a { color : #656462; }#vc_so_news_list_912682 .protection-droits-des-enfants .vc_so_news_item_readmore a { color : #656462; background-color : rgba(255,255,255,0); border-color : #656462; }#vc_so_news_list_912682 .protection-droits-des-enfants .vc_so_news_item_readmore a:hover { color : #fff; background-color : #656462; border-color : #656462; }#vc_so_news_list_912682 .solidarite-nord-sud-ville-campagne .vc_so_news_item_title a { color : #656462; }#vc_so_news_list_912682 .solidarite-nord-sud-ville-campagne .vc_so_news_item_readmore a { color : #656462; background-color : rgba(255,255,255,0); border-color : #656462; }#vc_so_news_list_912682 .solidarite-nord-sud-ville-campagne .vc_so_news_item_readmore a:hover { color : #fff; background-color : #656462; border-color : #656462; }\n\n\t<\/style>\n\t\n\t\t<div id=\"vc_so_news_list_912682\" class=\"vc_so_news_list  infinite_load_scroll \"><div class='filter-box-list-news'><div id='news_list_categ_search'><select id='filter-category' tabindex='-1' multiple='multiple' data-label='Toutes les actus' data-filter-label='Filtrer' data-cancel-label='Annuler'><option value='686' >Les pionniers<\/option><option value='688' >La villa<\/option><option value='3871' >L'\u00e9cole<\/option><option value='685' >L'\u00e9quipe<\/option><option value='687' >On en parle<\/option><\/select><\/div><div id='news_list_thematic_search'  class='fake_label' ><select id='filter-thematic' tabindex='-1' data-label='Toutes les valeurs'><option value=''>Toutes les valeurs <\/option><option value='188' >Prendre soin de soi<\/option><option value='189' >Cr\u00e9er dans l'\u00e9thique<\/option><option value='190' >Pr\u00e9server la plan\u00e8te<\/option><option value='191' >S'engager pour les autres<\/option><\/select><\/div><div id='news_list_text_search'><input type='text' id='news_search_text' name='' value='' placeholder='Saisir vos mots cl\u00e9s'><div class='news_search_bt news_bt'><span>Rechercher<\/span><\/div><\/div><\/div><div class=\"vc_so_news_list_container grid \" data-offset=\"12\" data-thematic=\"\" data-source=\"both\" data-total-item=\"\" data-item-pp=\"12\" data-is-end=\"1\" data-single_project_id=\"\" data-so-categ=\"\" data-search_keyword=\"\" >\n\t\t<div class=\"grid-sizer\"><\/div>\n\t\t<div class=\"gutter-sizer\"><\/div>\n\t\tAucun r\u00e9sultat\n\t\t<\/div>\n\n\t\t<div class=\"vc_so_news_list_loader\"><i class=\"fa fa-circle-o-notch fa-spin fa-3x fa-fw\"><\/i><\/div>\n\t\t\n\t\t<\/div>\n\t\t[\/vc_column][\/vc_row][\/vc_section]<\/p>\n<\/div>","protected":false},"excerpt":{"rendered":"<p>[vc_section full_width=&#8221;stretch_row_content&#8221; el_class=&#8221;header-image-section&#8221; css=&#8221;.vc_custom_1536609603039{background-image: url(\/\/shamengo.com\/wp-content\/uploads\/2018\/09\/actus-shamengo.jpg?id=37911) !important;}&#8221;][\/vc_section][vc_section][vc_row el_id=&#8221;site-title&#8221;][vc_column][vc_column_text] L&#8217;ACTU Des nouvelles rafra\u00eechissantes sur les pionniers, la villa, l&#8217;\u00e9cole et l&#8217;\u00e9quipe Shamengo ! [\/vc_column_text][\/vc_column][\/vc_row][\/vc_section][vc_section][vc_row][vc_column][\/vc_column][\/vc_row][\/vc_section][vc_section full_width=&#8221;stretch_row&#8221; css=&#8221;.vc_custom_1529356000171{background-color: #f7f7f7 !important;}&#8221;][vc_row][vc_column][\/vc_column][\/vc_row][\/vc_section]<\/p>\n","protected":false},"author":12337,"featured_media":0,"parent":0,"menu_order":0,"comment_status":"closed","ping_status":"closed","template":"","meta":{"_acf_changed":false,"footnotes":""},"thematique":[],"class_list":["post-80624","page","type-page","status-publish","hentry"],"acf":{"top_page":false},"_links":{"self":[{"href":"https:\/\/www.shamengo.com\/fr\/wp-json\/wp\/v2\/pages\/80624","targetHints":{"allow":["GET"]}}],"collection":[{"href":"https:\/\/www.shamengo.com\/fr\/wp-json\/wp\/v2\/pages"}],"about":[{"href":"https:\/\/www.shamengo.com\/fr\/wp-json\/wp\/v2\/types\/page"}],"author":[{"embeddable":true,"href":"https:\/\/www.shamengo.com\/fr\/wp-json\/wp\/v2\/users\/12337"}],"replies":[{"embeddable":true,"href":"https:\/\/www.shamengo.com\/fr\/wp-json\/wp\/v2\/comments?post=80624"}],"version-history":[{"count":3,"href":"https:\/\/www.shamengo.com\/fr\/wp-json\/wp\/v2\/pages\/80624\/revisions"}],"predecessor-version":[{"id":80629,"href":"https:\/\/www.shamengo.com\/fr\/wp-json\/wp\/v2\/pages\/80624\/revisions\/80629"}],"wp:attachment":[{"href":"https:\/\/www.shamengo.com\/fr\/wp-json\/wp\/v2\/media?parent=80624"}],"wp:term":[{"taxonomy":"thematique","embeddable":true,"href":"https:\/\/www.shamengo.com\/fr\/wp-json\/wp\/v2\/thematique?post=80624"}],"curies":[{"name":"wp","href":"https:\/\/api.w.org\/{rel}","templated":true}]}}