{"id":74614,"date":"2022-07-29T12:22:11","date_gmt":"2022-07-29T11:22:11","guid":{"rendered":"https:\/\/shamengo.com\/?page_id=74614"},"modified":"2024-01-22T22:36:19","modified_gmt":"2024-01-22T21:36:19","slug":"notre-histoire","status":"publish","type":"page","link":"https:\/\/www.shamengo.com\/fr\/notre-histoire\/","title":{"rendered":"Notre histoire"},"content":{"rendered":"<div class=\"wpb-content-wrapper\"><p>[vc_section full_width=&#8221;stretch_row_content&#8221; el_class=&#8221;header-image-section&#8221; css=&#8221;.vc_custom_1529956307959{background-image: url(\/wp-content\/uploads\/2018\/06\/banner-equipe-1.jpg?id=22711) !important;}&#8221;][\/vc_section][vc_section full_width=&#8221;stretch_row_content&#8221; content_placement=&#8221;middle&#8221; css=&#8221;.vc_custom_1663849257762{background-color: #ffffff !important;}&#8221;][vc_row el_id=&#8221;site-title&#8221;][vc_column][vc_column_text css=&#8221;.vc_custom_1674635152217{padding-top: 5px !important;background-color: #ffffff !important;}&#8221;]<\/p>\n<h1 style=\"text-align: center;\">Notre histoire<\/h1>\n<p>[\/vc_column_text][\/vc_column][\/vc_row][\/vc_section][vc_section full_width=&#8221;stretch_row&#8221; css=&#8221;.vc_custom_1663849293651{background-color: #ffffff !important;}&#8221;][vc_row][vc_column][vc_column_text]<\/p>\n<h2 style=\"text-align: center;\">Tout commence en 2011<\/h2>\n<p>[\/vc_column_text][vc_column_text]<\/p>\n<p style=\"text-align: center;\">Tout commence en 2011, quand Catherine Berthillier, journaliste grand reporter \u00e0 Envoy\u00e9 Sp\u00e9cial sur F2, d\u00e9cide de tout quitter pour partir faire le tour du monde du meilleur de l&#8217;innovation durable et responsable. C\u2019est ainsi que l\u2019association Shamengo voit le jour.<\/p>\n<p>[\/vc_column_text][\/vc_column][\/vc_row][vc_row][vc_column][vc_video link=&#8221;https:\/\/youtu.be\/wCLOXn6T9hc&#8221; el_width=&#8221;80&#8243; align=&#8221;center&#8221;][\/vc_column][\/vc_row][\/vc_section][vc_row][vc_column][vc_column_text css=&#8221;.vc_custom_1674634431887{padding-top: 5px !important;background-color: #ffffff !important;}&#8221;]<\/p>\n<h2 class=\"wpb_heading wpb_gallery_heading\">Par une collection de vid\u00e9os<\/h2>\n<p>[\/vc_column_text][\/vc_column][\/vc_row][vc_section full_width=&#8221;stretch_row&#8221; css=&#8221;.vc_custom_1674576819713{margin-top: 0px !important;padding-top: 0px !important;background-color: #ffffff !important;}&#8221; el_class=&#8221;grey-bg-header&#8221;][vc_row gap=&#8221;20&#8243; equal_height=&#8221;yes&#8221; content_placement=&#8221;top&#8221; css=&#8221;.vc_custom_1674576714369{margin-top: -40px !important;border-top-width: -20px !important;padding-top: -20px !important;background-color: #ffffff !important;}&#8221;][vc_column width=&#8221;1\/2&#8243;][vc_column_text]La collection &#8220;1000 pionniers du nouveau monde&#8221;, avec une diffusion quotidienne sur TV5 Monde,<span class=\"Apple-converted-space\">\u00a0<\/span>ne cesse de s\u2019enrichir.<\/p>\n<p>Gr\u00e2ce \u00e0 ce tour du monde, nous avons acquis des connaissances exceptionnelles dans le domaine de l&#8217;innovation responsable. Un travail qui permet de recueillir des informations de premi\u00e8re main et de tisser une relation privil\u00e9gi\u00e9e avec ces acteurs du changement !<\/p>\n<p>Le meilleur moyen de r\u00e9actualiser leurs initiatives et de pouvoir les solliciter m\u00eame quand ils ont un emploi du temps tr\u00e8s charg\u00e9 lors de nos formations ou \u00e9v\u00e8nements.[\/vc_column_text][\/vc_column][vc_column width=&#8221;1\/2&#8243;][vc_images_carousel images=&#8221;80770,80772,80774&#8243; img_size=&#8221;large&#8221; autoplay=&#8221;yes&#8221; wrap=&#8221;yes&#8221;][\/vc_column][\/vc_row][\/vc_section][vc_row][vc_column][vc_column_text css=&#8221;.vc_custom_1674635221008{padding-top: 5px !important;background-color: #ffffff !important;}&#8221;]<\/p>\n<h1 style=\"text-align: center;\">Qui nous permet de cr\u00e9er l&#8217;\u00c9cole 10 ans plus tard<\/h1>\n<p>[\/vc_column_text][\/vc_column][\/vc_row][vc_section full_width=&#8221;stretch_row_content&#8221; content_placement=&#8221;top&#8221; css=&#8221;.vc_custom_1674576452927{background-color: #ffffff !important;}&#8221;][vc_row gap=&#8221;20&#8243; equal_height=&#8221;yes&#8221; content_placement=&#8221;top&#8221;][vc_column width=&#8221;1\/2&#8243;][vc_gallery interval=&#8221;3&#8243; images=&#8221;80656,80652&#8243; img_size=&#8221;large&#8221;][\/vc_column][vc_column width=&#8221;1\/2&#8243;][vc_column_text]En 2021, \u00a0nous exp\u00e9rimentons l&#8217;\u00c9cole Shamengo sans les murs aupr\u00e8s de 10 promos-beta-testeuses. L&#8217;enthousiasme des premiers retours nous porte pour co-construire cet outil puissant avec nos apprentis.<\/p>\n<p>En parall\u00e8le, nous r\u00e9novons un appartement avec le meilleur de l&#8217;innovation durable dans le domaine de la construction. L&#8217;Appart&#8217;Shamengo, si\u00e8ge social de notre association, est inaugur\u00e9 en Juin 2022. \u00a0Nous invitons depuis les apprentis \u00e0 exp\u00e9rimenter de nouvelles mani\u00e8res d&#8217;apprendre dans cette\u00a0salle de classe pas comme les autres ![\/vc_column_text][\/vc_column][\/vc_row][\/vc_section][vc_section full_width=&#8221;stretch_row_content&#8221; content_placement=&#8221;middle&#8221; css=&#8221;.vc_custom_1663849257762{background-color: #ffffff !important;}&#8221;][vc_row content_placement=&#8221;middle&#8221; css=&#8221;.vc_custom_1663849034088{margin-top: 20px !important;margin-bottom: 20px !important;}&#8221;][vc_column][vc_column_text]<\/p>\n<h2 style=\"text-align: center;\">L\u2019\u00c9cole Shamengo se cr\u00e9e dor\u00e9navant jour apr\u00e8s jour gr\u00e2ce \u00e0 ses partenaires fondateurs, promos et b\u00e9n\u00e9voles.<\/h2>\n<p>[\/vc_column_text][\/vc_column][vc_column][vc_video link=&#8221;https:\/\/youtu.be\/oDeDXfDdiws&#8221; el_width=&#8221;80&#8243; align=&#8221;center&#8221;][\/vc_column][\/vc_row][\/vc_section][vc_section full_width=&#8221;stretch_row_content&#8221; content_placement=&#8221;middle&#8221; css=&#8221;.vc_custom_1663849257762{background-color: #ffffff !important;}&#8221;][vc_row][vc_column][vc_column_text css=&#8221;.vc_custom_1674224595892{padding-top: 5px !important;background-color: #ffffff !important;}&#8221;]<\/p>\n<h1 style=\"text-align: center;\">Nos apprentis participent au d\u00e9veloppement de l&#8217;\u00c9cole<\/h1>\n<p>[\/vc_column_text][\/vc_column][\/vc_row][vc_row content_placement=&#8221;middle&#8221; css=&#8221;.vc_custom_1663849034088{margin-top: 20px !important;margin-bottom: 20px !important;}&#8221;][vc_column][vc_column_text]<\/p>\n<p style=\"text-align: center;\">Ils sont chef d&#8217;entreprise, salari\u00e9, \u00e9tudiant, voyageur au grand coeur, \u00a0chacun a pu contribuer \u00e0 la construction de l&#8217;\u00c9cole. Gr\u00e2ce \u00e0 leurs t\u00e9moignages et leurs retours, nous co-construisons des parcours de formations de plus en plus pertinents.<\/p>\n<p>[\/vc_column_text][\/vc_column][\/vc_row][\/vc_section][vc_section full_width=&#8221;stretch_row_content&#8221; content_placement=&#8221;middle&#8221; css=&#8221;.vc_custom_1663849257762{background-color: #ffffff !important;}&#8221;][vc_row content_placement=&#8221;middle&#8221; css=&#8221;.vc_custom_1663849034088{margin-top: 20px !important;margin-bottom: 20px !important;}&#8221;][vc_column]\n\t<style>\n\n\t\t#vc_so_image_banner_28035 .vc_so_image_banner_banner_title{color : #656462;}\n\n\t\t#vc_so_image_banner_28035 .vc_so_image_banner_banner_description{color : #656462;}\n\n\t\t#vc_so_image_banner_28035 .vc_so_image_banner_banner_button a{ color : #fff; background-color: #cc096c; border-color: #fff0; }\n\n\t\t#vc_so_image_banner_28035 .vc_so_image_banner_banner_button a:hover{ color : #fff; background-color: #656462; border-color: #656462; }\n\n\t\n\t\t\t#vc_so_image_banner_28035 .vc_so_image_banner_banner_content{\tbackground-color:;}\n\t\t\t#vc_so_image_banner_28035{ background-size:cover; background-image:url(\"\/\/www.shamengo.com\/wp-content\/uploads\/2023\/07\/IMG_6324-scaled.jpg\");\t}\n\t\t<\/style><div id=\"vc_so_image_banner_28035\" class=\"vc_so_image_banner image_overlay  vc_custom_1693574011644\" style=\"background-color:#656462\">\n\n\t\t<div class=\"so-wrapper\">\n\n\t\t\t<div class=\"vc_so_image_banner_banner_container\">\n\n\t\t\t\t<div class=\"vc_so_image_banner_banner_content\">\n\n\t\t\t\t\t<h2 class=\"vc_so_image_banner_banner_title\">Certains sont devenus nos partenaires fondateurs !<\/h2>\n\t\t\t\t\t\n\t\t\t\t\t<div class=\"vc_so_image_banner_banner_button\">\n\t\t\t\t\t<a href=\"https:\/\/shamengo.com\/fr\/nos-partenaires\/\" target=\"\">Qu'est-ce qu'un partenaire fondateur ?<\/a>\n\t\t\t\t\t<\/div>\n\t\t\t\t\t\n\t\t\t\t<\/div>\n\n\t\t\t<\/div>\n\n\t\t<\/div>\n\n\t\t<\/div>[\/vc_column][\/vc_row][\/vc_section][vc_section full_width=&#8221;stretch_row_content&#8221; content_placement=&#8221;middle&#8221; css=&#8221;.vc_custom_1663849257762{background-color: #ffffff !important;}&#8221;][vc_row content_placement=&#8221;middle&#8221; css=&#8221;.vc_custom_1663849034088{margin-top: 20px !important;margin-bottom: 20px !important;}&#8221;][vc_column][vc_column_text]<\/p>\n<h2 style=\"text-align: center;\">Comme toute aventure, nous avons connu des emb\u00fbches &#8230;<\/h2>\n<p>[\/vc_column_text][vc_btn title=&#8221;Pour en savoir plus sur le projet avort\u00e9&#8221; color=&#8221;so-white&#8221; align=&#8221;center&#8221; link=&#8221;url:https%3A%2F%2Fshamengo.com%2Ffr%2Fvilla-shamengo%2F&#8221;][vc_column_text]<\/p>\n<p style=\"text-align: center;\">Nous avons fait preuve de r\u00e9silience et nous relan\u00e7ons le projet \u00e0 Latresne pour cr\u00e9er l&#8217;Atelier Shamengo !<\/p>\n<p>[\/vc_column_text][vc_video link=&#8221;https:\/\/youtu.be\/DkOYGBXJpgU&#8221; el_width=&#8221;80&#8243; align=&#8221;center&#8221;][\/vc_column][\/vc_row][\/vc_section][vc_section full_width=&#8221;stretch_row_content&#8221; content_placement=&#8221;middle&#8221; css=&#8221;.vc_custom_1663849257762{background-color: #ffffff !important;}&#8221;][vc_row content_placement=&#8221;middle&#8221;][vc_column][vc_column_text css=&#8221;.vc_custom_1663849054284{margin-top: 20px !important;}&#8221;]<\/p>\n<p style=\"text-align: center;\">Une nouvelle aventure commence et nous n\u2019attendons plus que vous pour entrer dans la construction du nouveau monde !<\/p>\n<p>[\/vc_column_text][\/vc_column][vc_column][vc_single_image image=&#8221;21958&#8243; img_size=&#8221;full&#8221; alignment=&#8221;center&#8221; css=&#8221;.vc_custom_1663849010473{margin-top: 20px !important;margin-bottom: 25px !important;}&#8221;][vc_column_text css=&#8221;.vc_custom_1529955712410{margin-bottom: 25px !important;}&#8221;]<\/p>\n<h2 style=\"text-align: center;\">LA COMMUNAUT\u00c9 SHAMENGO<\/h2>\n<p style=\"text-align: center;\">Des femmes et des hommes qui contribuent \u00e0 rendre le monde meilleur<\/p>\n<p>[\/vc_column_text][vc_btn title=&#8221;Nous rejoindre&#8221; color=&#8221;so-white&#8221; align=&#8221;center&#8221; link=&#8221;url:https%3A%2F%2Fshamengo.com%2Ffr%2Frejoindre-la-communaute%2F|||&#8221;][\/vc_column][\/vc_row][\/vc_section]<\/p>\n<\/div>","protected":false},"excerpt":{"rendered":"<p>[vc_section full_width=&#8221;stretch_row_content&#8221; el_class=&#8221;header-image-section&#8221; css=&#8221;.vc_custom_1529956307959{background-image: url(\/wp-content\/uploads\/2018\/06\/banner-equipe-1.jpg?id=22711) !important;}&#8221;][\/vc_section][vc_section full_width=&#8221;stretch_row_content&#8221; content_placement=&#8221;middle&#8221; css=&#8221;.vc_custom_1663849257762{background-color: #ffffff !important;}&#8221;][vc_row el_id=&#8221;site-title&#8221;][vc_column][vc_column_text css=&#8221;.vc_custom_1674635152217{padding-top: 5px !important;background-color: #ffffff !important;}&#8221;] Notre histoire [\/vc_column_text][\/vc_column][\/vc_row][\/vc_section][vc_section full_width=&#8221;stretch_row&#8221; css=&#8221;.vc_custom_1663849293651{background-color: #ffffff !important;}&#8221;][vc_row][vc_column][vc_column_text] Tout commence en 2011 [\/vc_column_text][vc_column_text] Tout commence en 2011, quand Catherine Berthillier, journaliste grand reporter \u00e0 Envoy\u00e9 Sp\u00e9cial sur F2, d\u00e9cide de tout quitter pour partir faire le tour du monde [&hellip;]<\/p>\n","protected":false},"author":12337,"featured_media":0,"parent":0,"menu_order":0,"comment_status":"closed","ping_status":"closed","template":"","meta":{"_acf_changed":false,"footnotes":""},"thematique":[],"class_list":["post-74614","page","type-page","status-publish","hentry"],"acf":{"top_page":false},"_links":{"self":[{"href":"https:\/\/www.shamengo.com\/fr\/wp-json\/wp\/v2\/pages\/74614","targetHints":{"allow":["GET"]}}],"collection":[{"href":"https:\/\/www.shamengo.com\/fr\/wp-json\/wp\/v2\/pages"}],"about":[{"href":"https:\/\/www.shamengo.com\/fr\/wp-json\/wp\/v2\/types\/page"}],"author":[{"embeddable":true,"href":"https:\/\/www.shamengo.com\/fr\/wp-json\/wp\/v2\/users\/12337"}],"replies":[{"embeddable":true,"href":"https:\/\/www.shamengo.com\/fr\/wp-json\/wp\/v2\/comments?post=74614"}],"version-history":[{"count":40,"href":"https:\/\/www.shamengo.com\/fr\/wp-json\/wp\/v2\/pages\/74614\/revisions"}],"predecessor-version":[{"id":88299,"href":"https:\/\/www.shamengo.com\/fr\/wp-json\/wp\/v2\/pages\/74614\/revisions\/88299"}],"wp:attachment":[{"href":"https:\/\/www.shamengo.com\/fr\/wp-json\/wp\/v2\/media?parent=74614"}],"wp:term":[{"taxonomy":"thematique","embeddable":true,"href":"https:\/\/www.shamengo.com\/fr\/wp-json\/wp\/v2\/thematique?post=74614"}],"curies":[{"name":"wp","href":"https:\/\/api.w.org\/{rel}","templated":true}]}}