{"id":69801,"date":"2022-02-01T10:10:39","date_gmt":"2022-02-01T09:10:39","guid":{"rendered":"https:\/\/shamengo.com\/?page_id=69801"},"modified":"2022-02-01T10:10:39","modified_gmt":"2022-02-01T09:10:39","slug":"test-formation-toto","status":"publish","type":"page","link":"https:\/\/www.shamengo.com\/fr\/test-formation-toto\/","title":{"rendered":"Test formation"},"content":{"rendered":"<div class=\"wpb-content-wrapper\"><p>[vc_section full_width=&#8221;stretch_row_content&#8221; el_class=&#8221;header-image-section&#8221; css=&#8221;.vc_custom_1643705135037{background-image: url(\/\/shamengo.com\/wp-content\/uploads\/2021\/10\/bandeau-1.jpg?id=65537) !important;}&#8221;][\/vc_section][vc_section][vc_row el_id=&#8221;site-title&#8221;][vc_column][vc_column_text]<\/p>\n<div class=\"page\" title=\"Page 2\">\n<div class=\"section\">\n<div class=\"layoutArea\">\n<div class=\"column\">\n<h1 style=\"text-align: center;\">Test formation<\/h1>\n<\/div>\n<\/div>\n<\/div>\n<\/div>\n<div class=\"page\" title=\"Page 2\">\n<div class=\"section\">\n<div class=\"layoutArea\">\n<div class=\"column\">\n<p style=\"text-align: center;\">Sous titre<\/p>\n<\/div>\n<\/div>\n<\/div>\n<\/div>\n<p>[\/vc_column_text][\/vc_column][\/vc_row][\/vc_section][vc_section full_width=&#8221;stretch_row_content&#8221;][vc_row equal_height=&#8221;yes&#8221; content_placement=&#8221;middle&#8221; el_class=&#8221;stretch-right-col&#8221;][vc_column width=&#8221;1\/2&#8243; css=&#8221;.vc_custom_1525705002925{padding-bottom: 6em !important;}&#8221;][vc_column_text]<\/p>\n<h2>Expe\u0301rimenter<br \/>\nun nouvel art de vivre<\/h2>\n<p>[\/vc_column_text][vc_column_text el_class=&#8221;sep-top&#8221;]<strong>La Villa Shamengo est d\u2019abord une maison<\/strong>,\u200b dans laquelle vont habiter au quotidien une vingtaine de r\u00e9sidents qui expe\u0301rimenteront \u200bin vivo\u200b les valeurs de Shamengo. Ces volontaires accueilleront tous les visiteurs de\u0301sireux de de\u0301couvrir et partager avec eux une nouvelle fac\u0327on de vivre, pendant quelques heures, quelques jours ou me\u0302me quelques semaines.<\/p>\n<p>On pourra, de manie\u0300re ludique et pe\u0301dagogique, mieux comprendre les enjeux du monde de demain et la fac\u0327on d\u2019y re\u0301pondre en testant des solutions grandeur nature dans les domaines de l\u2019e\u0301co-construction, de l\u2019habitat, de l\u2019e\u0301nergie, de l\u2019eau, de la gestion des de\u0301chets, de l\u2019alimentation, de la maison connecte\u0301e&#8230; et de manie\u0300re plus ge\u0301ne\u0301rale en favorisant une approche holistique dans nos choix de vie.[\/vc_column_text][\/vc_column][vc_column width=&#8221;1\/2&#8243; css=&#8221;.vc_custom_1528443797116{background-image: url(\/wp-content\/uploads\/2018\/06\/Villa_paragraphe1.jpg?id=22251) !important;background-position: center !important;background-repeat: no-repeat !important;background-size: cover !important;}&#8221; el_class=&#8221;bg-align-top&#8221;][\/vc_column][\/vc_row][\/vc_section][vc_section css=&#8221;.vc_custom_1643705997755{margin-top: 50px !important;}&#8221;][vc_row full_width=&#8221;stretch_row&#8221; gap=&#8221;20&#8243; equal_height=&#8221;yes&#8221; content_placement=&#8221;top&#8221;][vc_column width=&#8221;1\/4&#8243;][vc_icon icon_fontawesome=&#8221;fas fa-users&#8221; color=&#8221;custom&#8221; size=&#8221;xl&#8221; align=&#8221;center&#8221; custom_color=&#8221;#00ccff&#8221; css=&#8221;.vc_custom_1610097244188{margin-bottom: 18px !important;}&#8221;][vc_column_text css=&#8221;.vc_custom_1610125940698{margin-bottom: 18px !important;}&#8221;]<\/p>\n<p style=\"text-align: center;\"><span style=\"font-size: 14pt; color: #808080;\"><strong>1. INSCRIPTION<\/strong><\/span><\/p>\n<p>[\/vc_column_text][vc_column_text]<\/p>\n<p style=\"text-align: center;\">Je cr\u00e9e ou je rejoins une promo constitu\u00e9e d\u2019une dizaine de personnes et anim\u00e9e par un animateur Shamengo qui a d\u00e9j\u00e0 suivi ce kit d\u2019initiation.<\/p>\n<p>[\/vc_column_text][\/vc_column][vc_column width=&#8221;1\/4&#8243;][vc_icon icon_fontawesome=&#8221;fas fa-calendar-alt&#8221; color=&#8221;custom&#8221; size=&#8221;xl&#8221; align=&#8221;center&#8221; custom_color=&#8221;#f23386&#8243; css=&#8221;.vc_custom_1610097397718{margin-bottom: 18px !important;}&#8221;][vc_column_text css=&#8221;.vc_custom_1610125957803{margin-bottom: 18px !important;}&#8221;]<\/p>\n<p style=\"text-align: center;\"><span style=\"font-size: 14pt; color: #808080;\"><strong>2. ORGANISATION<\/strong><\/span><\/p>\n<p>[\/vc_column_text][vc_column_text]<\/p>\n<p style=\"text-align: center;\">Je rencontre les membres de ma promo lors d\u2019une pr\u00e9sentation en visioconf\u00e9rence et nous d\u00e9cidons ensemble de l\u2019heure, du jour et du lieu (distanciel ou pr\u00e9sentiel) de la formation.<\/p>\n<p>[\/vc_column_text][\/vc_column][vc_column width=&#8221;1\/4&#8243;][vc_icon icon_fontawesome=&#8221;fas fa-tools&#8221; color=&#8221;custom&#8221; size=&#8221;xl&#8221; align=&#8221;center&#8221; custom_color=&#8221;#99cc00&#8243; css=&#8221;.vc_custom_1610097463373{margin-bottom: 18px !important;}&#8221;][vc_column_text css=&#8221;.vc_custom_1610125963875{margin-bottom: 18px !important;}&#8221;]<\/p>\n<p style=\"text-align: center;\"><span style=\"font-size: 14pt; color: #808080;\"><strong>3. EXP\u00c9RIMENTATION<\/strong><\/span><\/p>\n<p>[\/vc_column_text][vc_column_text]<\/p>\n<p style=\"text-align: center;\">Je profite de l\u2019\u00e9mulation bienveillante entre pairs pour partager avec eux mes habitudes de consommation et mieux les faire \u00e9voluer gr\u00e2ce \u00e0 tout ce que j\u2019apprends.<\/p>\n<p>[\/vc_column_text][\/vc_column][vc_column width=&#8221;1\/4&#8243;][vc_icon icon_fontawesome=&#8221;fas fa-bullhorn&#8221; color=&#8221;custom&#8221; size=&#8221;xl&#8221; align=&#8221;center&#8221; custom_color=&#8221;#ff9900&#8243; css=&#8221;.vc_custom_1610097647315{margin-bottom: 18px !important;}&#8221;][vc_column_text css=&#8221;.vc_custom_1610125970610{margin-bottom: 18px !important;}&#8221;]<\/p>\n<p style=\"text-align: center;\"><span style=\"font-size: 14pt; color: #808080;\"><strong>4. TRANSMISSION<\/strong><\/span><\/p>\n<p>[\/vc_column_text][vc_column_text]<\/p>\n<p style=\"text-align: center;\">J\u2019invite ma communaut\u00e9 \u00e0 suivre cette formation. Je peux m\u00eame d\u00e9cider de lancer une promo et de l\u2019animer pour renforcer mes acquis en devenant animateur Shamengo.<\/p>\n<p>[\/vc_column_text][\/vc_column][\/vc_row][\/vc_section][vc_section][vc_row][vc_column width=&#8221;1\/3&#8243;][vc_column_text]I am text block. Click edit button to change this text. Lorem ipsum dolor sit amet, consectetur adipiscing elit. Ut elit tellus, luctus nec ullamcorper mattis, pulvinar dapibus leo.[\/vc_column_text][vc_icon icon_fontawesome=&#8221;fas fa-exclamation-triangle&#8221; color=&#8221;juicy_pink&#8221;][\/vc_column][vc_column width=&#8221;1\/3&#8243;][\/vc_column][vc_column width=&#8221;1\/3&#8243;][vc_btn color=&#8221;so-white&#8221;][\/vc_column][\/vc_row][\/vc_section]<\/p>\n<\/div>","protected":false},"excerpt":{"rendered":"<p>[vc_section full_width=&#8221;stretch_row_content&#8221; el_class=&#8221;header-image-section&#8221; css=&#8221;.vc_custom_1643705135037{background-image: url(\/\/shamengo.com\/wp-content\/uploads\/2021\/10\/bandeau-1.jpg?id=65537) !important;}&#8221;][\/vc_section][vc_section][vc_row el_id=&#8221;site-title&#8221;][vc_column][vc_column_text] Test formation Sous titre [\/vc_column_text][\/vc_column][\/vc_row][\/vc_section][vc_section full_width=&#8221;stretch_row_content&#8221;][vc_row equal_height=&#8221;yes&#8221; content_placement=&#8221;middle&#8221; el_class=&#8221;stretch-right-col&#8221;][vc_column width=&#8221;1\/2&#8243; css=&#8221;.vc_custom_1525705002925{padding-bottom: 6em !important;}&#8221;][vc_column_text] Expe\u0301rimenter un nouvel art de vivre [\/vc_column_text][vc_column_text el_class=&#8221;sep-top&#8221;]La Villa Shamengo est d\u2019abord une maison,\u200b dans laquelle vont habiter au quotidien une vingtaine de r\u00e9sidents qui expe\u0301rimenteront \u200bin vivo\u200b les valeurs de Shamengo. Ces volontaires accueilleront [&hellip;]<\/p>\n","protected":false},"author":1,"featured_media":0,"parent":0,"menu_order":0,"comment_status":"closed","ping_status":"closed","template":"","meta":{"_acf_changed":false,"footnotes":""},"thematique":[],"class_list":["post-69801","page","type-page","status-publish","hentry"],"acf":{"top_page":false},"_links":{"self":[{"href":"https:\/\/www.shamengo.com\/fr\/wp-json\/wp\/v2\/pages\/69801","targetHints":{"allow":["GET"]}}],"collection":[{"href":"https:\/\/www.shamengo.com\/fr\/wp-json\/wp\/v2\/pages"}],"about":[{"href":"https:\/\/www.shamengo.com\/fr\/wp-json\/wp\/v2\/types\/page"}],"author":[{"embeddable":true,"href":"https:\/\/www.shamengo.com\/fr\/wp-json\/wp\/v2\/users\/1"}],"replies":[{"embeddable":true,"href":"https:\/\/www.shamengo.com\/fr\/wp-json\/wp\/v2\/comments?post=69801"}],"version-history":[{"count":7,"href":"https:\/\/www.shamengo.com\/fr\/wp-json\/wp\/v2\/pages\/69801\/revisions"}],"predecessor-version":[{"id":69808,"href":"https:\/\/www.shamengo.com\/fr\/wp-json\/wp\/v2\/pages\/69801\/revisions\/69808"}],"wp:attachment":[{"href":"https:\/\/www.shamengo.com\/fr\/wp-json\/wp\/v2\/media?parent=69801"}],"wp:term":[{"taxonomy":"thematique","embeddable":true,"href":"https:\/\/www.shamengo.com\/fr\/wp-json\/wp\/v2\/thematique?post=69801"}],"curies":[{"name":"wp","href":"https:\/\/api.w.org\/{rel}","templated":true}]}}