{"id":41680,"date":"2020-09-14T16:26:02","date_gmt":"2020-09-14T14:26:02","guid":{"rendered":"https:\/\/shamengo.com\/?page_id=41680"},"modified":"2023-01-20T10:49:58","modified_gmt":"2023-01-20T09:49:58","slug":"lecole-shamengo-les-modules","status":"publish","type":"page","link":"https:\/\/www.shamengo.com\/fr\/lecole-shamengo-les-modules\/","title":{"rendered":"Cycle de sp\u00e9cialisation"},"content":{"rendered":"<div class=\"wpb-content-wrapper\"><p>[vc_section full_width=&#8221;stretch_row_content&#8221; el_class=&#8221;header-image-section&#8221; css=&#8221;.vc_custom_1606310054547{background-image: url(\/\/shamengo.com\/wp-content\/uploads\/2020\/11\/nos-formation-banner.jpg?id=57449) !important;}&#8221;][\/vc_section][vc_section css=&#8221;.vc_custom_1532451925120{margin-bottom: 0px !important;padding-bottom: 0px !important;}&#8221;][vc_row el_id=&#8221;site-title&#8221;][vc_column][vc_column_text]<\/p>\n<h1 style=\"text-align: center;\">NOS MODULES DE FORMATIONS<\/h1>\n<h3 style=\"text-align: center;\"><span style=\"font-size: 14pt;\">Une offre p\u00e9dagogique originale qui s&#8217;enrichit au fil des mois.<\/span><\/h3>\n<p>[\/vc_column_text][\/vc_column][\/vc_row][\/vc_section][vc_section el_class=&#8221;color-banner-text-box&#8221; css=&#8221;.vc_custom_1606315308314{background-color: #89b600 !important;background-position: center !important;background-repeat: no-repeat !important;background-size: cover !important;}&#8221;][vc_row][vc_column][vc_column_text]<\/p>\n<h2 style=\"text-align: center;\">Cycle d&#8217;initiation<\/h2>\n<p style=\"text-align: center;\"><strong>Lanc\u00e9 en 2020<\/strong><\/p>\n<p style=\"text-align: center;\">Ce cycle d\u2019initiation permet de mieux comprendre les enjeux qui nous attendent dans le domaine de la sant\u00e9, de l\u2019emploi, de l\u2019environnement et de la solidarit\u00e9\u2026 mais aussi la mani\u00e8re d\u2019y r\u00e9pondre en apprenant \u00e0 prendre soin de soi, cr\u00e9er dans l\u2019\u00e9thique, pr\u00e9server la plan\u00e8te et s\u2019engager pour les autres.<\/p>\n<p>[\/vc_column_text][vc_btn title=&#8221;JE ME LANCE&#8221; color=&#8221;so-white&#8221; align=&#8221;center&#8221; link=&#8221;url:%2Ffr%2Fproduit%2Fkit-dinitiation%2F|||&#8221;][\/vc_column][\/vc_row][\/vc_section][vc_row][vc_column][vc_column_text]<\/p>\n<h2 style=\"text-align: center;\">NOS SP\u00c9CIALISATIONS \u00c0 VENIR<\/h2>\n<p>[\/vc_column_text][\/vc_column][\/vc_row][vc_section el_class=&#8221;image-banner-text-box dark&#8221; css=&#8221;.vc_custom_1606315162861{background-image: url(\/\/shamengo.com\/wp-content\/uploads\/2020\/11\/formation-s-alimenter-banner.jpg?id=57433) !important;background-position: center !important;background-repeat: no-repeat !important;background-size: cover !important;}&#8221;][vc_row][vc_column][vc_column_text]<\/p>\n<h2 style=\"text-align: center;\">S&#8217;alimenter<\/h2>\n<p>[\/vc_column_text][vc_btn title=&#8221;EN SAVOIR PLUS&#8221; color=&#8221;so-white&#8221; align=&#8221;right&#8221; link=&#8221;url:https%3A%2F%2Fdev.shamengo.misopa.org%2Ffr%2Fnos-modules-de-formations%2F|||&#8221;][\/vc_column][\/vc_row][\/vc_section][vc_row][vc_column][vc_empty_space height=&#8221;48px&#8221;][\/vc_column][\/vc_row][vc_section el_class=&#8221;image-banner-text-box dark&#8221; css=&#8221;.vc_custom_1606316427060{background-image: url(\/\/shamengo.com\/wp-content\/uploads\/2020\/11\/formation-se-loger-banner.jpg?id=57439) !important;background-position: center !important;background-repeat: no-repeat !important;background-size: cover !important;}&#8221;][vc_row][vc_column][vc_column_text]<\/p>\n<h2 style=\"text-align: center;\">Se loger<\/h2>\n<p>[\/vc_column_text][vc_btn title=&#8221;EN SAVOIR PLUS&#8221; color=&#8221;so-white&#8221; align=&#8221;right&#8221; link=&#8221;url:https%3A%2F%2Fdev.shamengo.misopa.org%2Ffr%2Fnos-modules-de-formations%2F|||&#8221;][\/vc_column][\/vc_row][\/vc_section][vc_row][vc_column][vc_empty_space height=&#8221;48px&#8221;][\/vc_column][\/vc_row][vc_section el_class=&#8221;image-banner-text-box dark&#8221; css=&#8221;.vc_custom_1606317914290{background-image: url(\/\/shamengo.com\/wp-content\/uploads\/2020\/11\/formation-s-habiller-banner.jpg?id=57445) !important;background-position: center !important;background-repeat: no-repeat !important;background-size: cover !important;}&#8221;][vc_row][vc_column][vc_column_text]<\/p>\n<h2 style=\"text-align: center;\">S&#8217;habiller<\/h2>\n<p>[\/vc_column_text][vc_btn title=&#8221;EN SAVOIR PLUS&#8221; color=&#8221;so-white&#8221; align=&#8221;right&#8221; link=&#8221;url:https%3A%2F%2Fdev.shamengo.misopa.org%2Ffr%2Fnos-modules-de-formations%2F|||&#8221;][\/vc_column][\/vc_row][\/vc_section][vc_row][vc_column][vc_empty_space height=&#8221;48px&#8221;][\/vc_column][\/vc_row][vc_section el_class=&#8221;image-banner-text-box dark&#8221; css=&#8221;.vc_custom_1606317971002{background-image: url(\/\/shamengo.com\/wp-content\/uploads\/2020\/11\/formation-se-deplacer-banner.jpg?id=57435) !important;background-position: center !important;background-repeat: no-repeat !important;background-size: cover !important;}&#8221;][vc_row][vc_column][vc_column_text]<\/p>\n<h2 style=\"text-align: center;\">Se d\u00e9placer<\/h2>\n<p>[\/vc_column_text][vc_btn title=&#8221;EN SAVOIR PLUS&#8221; color=&#8221;so-white&#8221; align=&#8221;right&#8221; link=&#8221;url:https%3A%2F%2Fdev.shamengo.misopa.org%2Ffr%2Fnos-modules-de-formations%2F|||&#8221;][\/vc_column][\/vc_row][\/vc_section][vc_row][vc_column][vc_empty_space height=&#8221;48px&#8221;][\/vc_column][\/vc_row][vc_section el_class=&#8221;image-banner-text-box dark&#8221; css=&#8221;.vc_custom_1606318069145{background-image: url(\/\/shamengo.com\/wp-content\/uploads\/2020\/11\/formation-se-soigner-banner.jpg?id=57443) !important;background-position: center !important;background-repeat: no-repeat !important;background-size: cover !important;}&#8221;][vc_row][vc_column][vc_column_text]<\/p>\n<h2 style=\"text-align: center;\">Se soigner<\/h2>\n<p>[\/vc_column_text][vc_btn title=&#8221;EN SAVOIR PLUS&#8221; color=&#8221;so-white&#8221; align=&#8221;right&#8221; link=&#8221;url:https%3A%2F%2Fdev.shamengo.misopa.org%2Ffr%2Fnos-modules-de-formations%2F|||&#8221;][\/vc_column][\/vc_row][\/vc_section][vc_row][vc_column][vc_empty_space height=&#8221;48px&#8221;][\/vc_column][\/vc_row][vc_section el_class=&#8221;image-banner-text-box dark&#8221; css=&#8221;.vc_custom_1606318102618{background-image: url(\/\/shamengo.com\/wp-content\/uploads\/2020\/11\/formation-s-informer-banner.jpg?id=57447) !important;background-position: center !important;background-repeat: no-repeat !important;background-size: cover !important;}&#8221;][vc_row][vc_column][vc_column_text]<\/p>\n<h2 style=\"text-align: center;\">S&#8217;informer<\/h2>\n<p>[\/vc_column_text][vc_btn title=&#8221;EN SAVOIR PLUS&#8221; color=&#8221;so-white&#8221; align=&#8221;right&#8221; link=&#8221;url:https%3A%2F%2Fdev.shamengo.misopa.org%2Ffr%2Fnos-modules-de-formations%2F|||&#8221;][\/vc_column][\/vc_row][\/vc_section][vc_row][vc_column][vc_empty_space height=&#8221;48px&#8221;][\/vc_column][\/vc_row][vc_section el_class=&#8221;image-banner-text-box dark&#8221; css=&#8221;.vc_custom_1606318124103{background-image: url(\/\/shamengo.com\/wp-content\/uploads\/2020\/11\/formation-se-divertir-banner.jpg?id=57437) !important;background-position: center !important;background-repeat: no-repeat !important;background-size: cover !important;}&#8221;][vc_row][vc_column][vc_column_text]<\/p>\n<h2 style=\"text-align: center;\">Se divertir<\/h2>\n<p>[\/vc_column_text][vc_btn title=&#8221;EN SAVOIR PLUS&#8221; color=&#8221;so-white&#8221; align=&#8221;right&#8221; link=&#8221;url:https%3A%2F%2Fdev.shamengo.misopa.org%2Ffr%2Fnos-modules-de-formations%2F|||&#8221;][\/vc_column][\/vc_row][\/vc_section][vc_row][vc_column][vc_empty_space height=&#8221;48px&#8221;][\/vc_column][\/vc_row][vc_section el_class=&#8221;image-banner-text-box dark&#8221; css=&#8221;.vc_custom_1606318160864{background-image: url(\/\/shamengo.com\/wp-content\/uploads\/2020\/11\/formation-s-entraider-banner.jpg?id=57441) !important;background-position: center !important;background-repeat: no-repeat !important;background-size: cover !important;}&#8221;][vc_row][vc_column][vc_column_text]<\/p>\n<h2 style=\"text-align: center;\">S&#8217;entraider<\/h2>\n<p>[\/vc_column_text][vc_btn title=&#8221;EN SAVOIR PLUS&#8221; color=&#8221;so-white&#8221; align=&#8221;right&#8221; link=&#8221;url:https%3A%2F%2Fdev.shamengo.misopa.org%2Ffr%2Fnos-modules-de-formations%2F|||&#8221;][\/vc_column][\/vc_row][\/vc_section][vc_row][vc_column][vc_empty_space height=&#8221;48px&#8221;][\/vc_column][\/vc_row]<\/p>\n<\/div>","protected":false},"excerpt":{"rendered":"<p>[vc_section full_width=&#8221;stretch_row_content&#8221; el_class=&#8221;header-image-section&#8221; css=&#8221;.vc_custom_1606310054547{background-image: url(\/\/shamengo.com\/wp-content\/uploads\/2020\/11\/nos-formation-banner.jpg?id=57449) !important;}&#8221;][\/vc_section][vc_section css=&#8221;.vc_custom_1532451925120{margin-bottom: 0px !important;padding-bottom: 0px !important;}&#8221;][vc_row el_id=&#8221;site-title&#8221;][vc_column][vc_column_text] NOS MODULES DE FORMATIONS Une offre p\u00e9dagogique originale qui s&#8217;enrichit au fil des mois. [\/vc_column_text][\/vc_column][\/vc_row][\/vc_section][vc_section el_class=&#8221;color-banner-text-box&#8221; css=&#8221;.vc_custom_1606315308314{background-color: #89b600 !important;background-position: center !important;background-repeat: no-repeat !important;background-size: cover !important;}&#8221;][vc_row][vc_column][vc_column_text] Cycle d&#8217;initiation Lanc\u00e9 en 2020 Ce cycle d\u2019initiation permet de mieux comprendre les enjeux qui nous attendent dans [&hellip;]<\/p>\n","protected":false},"author":5148,"featured_media":0,"parent":0,"menu_order":0,"comment_status":"closed","ping_status":"closed","template":"","meta":{"_acf_changed":false,"footnotes":""},"thematique":[],"class_list":["post-41680","page","type-page","status-publish","hentry"],"acf":{"top_page":false},"_links":{"self":[{"href":"https:\/\/www.shamengo.com\/fr\/wp-json\/wp\/v2\/pages\/41680","targetHints":{"allow":["GET"]}}],"collection":[{"href":"https:\/\/www.shamengo.com\/fr\/wp-json\/wp\/v2\/pages"}],"about":[{"href":"https:\/\/www.shamengo.com\/fr\/wp-json\/wp\/v2\/types\/page"}],"author":[{"embeddable":true,"href":"https:\/\/www.shamengo.com\/fr\/wp-json\/wp\/v2\/users\/5148"}],"replies":[{"embeddable":true,"href":"https:\/\/www.shamengo.com\/fr\/wp-json\/wp\/v2\/comments?post=41680"}],"version-history":[{"count":17,"href":"https:\/\/www.shamengo.com\/fr\/wp-json\/wp\/v2\/pages\/41680\/revisions"}],"predecessor-version":[{"id":80606,"href":"https:\/\/www.shamengo.com\/fr\/wp-json\/wp\/v2\/pages\/41680\/revisions\/80606"}],"wp:attachment":[{"href":"https:\/\/www.shamengo.com\/fr\/wp-json\/wp\/v2\/media?parent=41680"}],"wp:term":[{"taxonomy":"thematique","embeddable":true,"href":"https:\/\/www.shamengo.com\/fr\/wp-json\/wp\/v2\/thematique?post=41680"}],"curies":[{"name":"wp","href":"https:\/\/api.w.org\/{rel}","templated":true}]}}