{"id":37737,"date":"2018-08-30T21:08:47","date_gmt":"2018-08-30T19:08:47","guid":{"rendered":"https:\/\/shamengo.com\/?page_id=37737"},"modified":"2024-01-18T15:15:18","modified_gmt":"2024-01-18T14:15:18","slug":"soutenir-shamengo","status":"publish","type":"page","link":"https:\/\/www.shamengo.com\/fr\/soutenir-shamengo\/","title":{"rendered":"Soutenir Shamengo"},"content":{"rendered":"<div class=\"wpb-content-wrapper\"><p>[vc_section full_width=&#8221;stretch_row_content&#8221; content_placement=&#8221;middle&#8221; el_class=&#8221;header-image-section&#8221; css=&#8221;.vc_custom_1560539912519{background-image: url(\/\/shamengo.com\/wp-content\/uploads\/2019\/06\/Visuel-pour-slider-copie-2.jpg?id=48770) !important;}&#8221;][\/vc_section][vc_section][vc_row el_id=&#8221;site-title&#8221;][vc_column][vc_column_text]<\/p>\n<h1 style=\"text-align: center;\">NOUS SOUTENIR<\/h1>\n<p style=\"text-align: center; font-size: 1.3rem;\"><span style=\"font-size: 18pt;\">Construire le nouveau monde auquel nous aspirons, n\u00e9cessite quelques moyens.\u00a0<\/span><\/p>\n<p style=\"text-align: center; font-size: 1.3rem;\"><span style=\"font-size: 18pt;\">Votre g\u00e9n\u00e9rosit\u00e9 nous permettra de financer le d\u00e9veloppement de modules p\u00e9dagogiques, l&#8217;animation des modules, la construction de la Maison \u00c9cole Shamengo, ainsi que son chantier collaboratif, \u00a0sans oublier la r\u00e9alisation de nombreuses vid\u00e9os. Par avance, merci \u00a0!<\/span><\/p>\n<p>[\/vc_column_text][\/vc_column][\/vc_row][\/vc_section][vc_section full_width=&#8221;stretch_row&#8221; css=&#8221;.vc_custom_1529356000171{background-color: #f7f7f7 !important;}&#8221;][vc_row][vc_column][vc_column_text]<\/p>\n<h2 style=\"text-align: center;\">Rendez-vous sur Hello Asso<\/h2>\n<p>[\/vc_column_text][vc_btn title=&#8221;Faire un don&#8221; color=&#8221;so-white&#8221; align=&#8221;center&#8221; link=&#8221;url:https%3A%2F%2Fwww.helloasso.com%2Fassociations%2Fecole-shamengo%2Fformulaires%2F2&#8243; el_class=&#8221;button-text-size-26 btn-rose-sham&#8221;][\/vc_column][\/vc_row][\/vc_section][vc_section full_width=&#8221;stretch_row_content&#8221; css=&#8221;.vc_custom_1535468007954{margin-top: 0px !important;border-top-width: 0px !important;padding-top: 0px !important;}&#8221;][vc_row equal_height=&#8221;yes&#8221;][vc_column width=&#8221;1\/2&#8243; css=&#8221;.vc_custom_1537481549649{background-image: url(\/\/shamengo.com\/wp-content\/uploads\/2018\/08\/be\u0301ne\u0301voles.jpg?id=37742) !important;background-position: 0 0 !important;background-repeat: no-repeat !important;}&#8221;][\/vc_column][vc_column width=&#8221;1\/2&#8243; css=&#8221;.vc_custom_1537481585447{padding-top: 3rem !important;padding-right: 3rem !important;padding-bottom: 3rem !important;padding-left: 3rem !important;}&#8221;][vc_single_image image=&#8221;37745&#8243; img_size=&#8221;132\u00d7115&#8243; alignment=&#8221;center&#8221;][vc_column_text]<\/p>\n<h3 style=\"text-align: center;\"><strong>Un don en toute transparence<\/strong><\/h3>\n<p>[\/vc_column_text][vc_separator color=&#8221;custom&#8221; el_width=&#8221;10&#8243; accent_color=&#8221;#666666&#8243;][vc_column_text css=&#8221;.vc_custom_1705578675037{margin-bottom: 0px !important;}&#8221;]<span style=\"font-size: 12pt;\">Votre don sera int\u00e9gralement affect\u00e9 \u00e0 :<\/span><\/p>\n<ul>\n<li>La conception et l&#8217;animation des modules de formation \u00e0 destination des entreprises, \u00e9tablissements scolaires et les particuliers.<\/li>\n<li><span class=\"s1\">La construction de la Maison \u00c9cole Shamengo \u00e0 Bordeaux. Ce d\u00e9monstrateur nous permettra de faire la preuve du concept de Maison \u00c9cole Laboratoire (du moins nous l\u2019esp\u00e9rons ), avant de le d\u00e9ployer en France et \u00e0 l\u2019\u00e9tranger sous forme de franchise sociale.<\/span><\/li>\n<li><span class=\"s1\">L\u2019animation d\u2019une communaut\u00e9 soud\u00e9e par une mise en r\u00e9seau de qualit\u00e9. Que ce soit \u00e0 l\u2019occasion de ce chantier-\u00e9cole, ap\u00e9ro Shamengo ou tout autre \u00e9v\u00e8nement physique ou digital faisant la part belle aux rencontres et aux \u00e9changes constructifs entre acteurs du nouveau monde.<\/span><\/li>\n<li><span class=\"s1\">La r\u00e9alisation de nombreuses vid\u00e9os pour alimenter nos chaines TV\u00a0: <i>1000 pionniers du nouveau monde, La Maison \u00c9cole Shamengo\u00a0: suivi de chantier,\u00a0Ils nous inspirent, Top Model Shamengo<\/i><\/span><\/li>\n<\/ul>\n<p>[\/vc_column_text][\/vc_column][\/vc_row][\/vc_section][vc_section full_width=&#8221;stretch_row&#8221; css=&#8221;.vc_custom_1529356000171{background-color: #f7f7f7 !important;}&#8221;][vc_row][vc_column][vc_column_text css=&#8221;.vc_custom_1705578754563{padding-top: 2rem !important;padding-right: 2rem !important;padding-bottom: 2rem !important;padding-left: 2rem !important;}&#8221;]<\/p>\n<p style=\"text-align: center; max-width: 1200px; margin-left: auto; margin-right: auto;\"><strong>Pour nous soutenir, vous pouvez \u00e9galement rejoindre notre \u00e9quipe de b\u00e9n\u00e9voles, devenir adh\u00e9rent Shamengo, ou encore, devenir partenaire de la Maison \u00c9cole Shamengo&#8230; Il y a mille fa\u00e7ons de vous engager pour construire le nouveau monde !<\/strong><\/p>\n<p>[\/vc_column_text][\/vc_column][\/vc_row][\/vc_section]<\/p>\n<\/div>","protected":false},"excerpt":{"rendered":"<p>[vc_section full_width=&#8221;stretch_row_content&#8221; content_placement=&#8221;middle&#8221; el_class=&#8221;header-image-section&#8221; css=&#8221;.vc_custom_1560539912519{background-image: url(\/\/shamengo.com\/wp-content\/uploads\/2019\/06\/Visuel-pour-slider-copie-2.jpg?id=48770) !important;}&#8221;][\/vc_section][vc_section][vc_row el_id=&#8221;site-title&#8221;][vc_column][vc_column_text] NOUS SOUTENIR Construire le nouveau monde auquel nous aspirons, n\u00e9cessite quelques moyens.\u00a0 Votre g\u00e9n\u00e9rosit\u00e9 nous permettra de financer le d\u00e9veloppement de modules p\u00e9dagogiques, l&#8217;animation des modules, la construction de la Maison \u00c9cole Shamengo, ainsi que son chantier collaboratif, \u00a0sans oublier la r\u00e9alisation de nombreuses vid\u00e9os. Par avance, [&hellip;]<\/p>\n","protected":false},"author":1,"featured_media":0,"parent":0,"menu_order":0,"comment_status":"closed","ping_status":"closed","template":"","meta":{"_acf_changed":false,"footnotes":""},"thematique":[],"class_list":["post-37737","page","type-page","status-publish","hentry"],"acf":{"top_page":false},"_links":{"self":[{"href":"https:\/\/www.shamengo.com\/fr\/wp-json\/wp\/v2\/pages\/37737","targetHints":{"allow":["GET"]}}],"collection":[{"href":"https:\/\/www.shamengo.com\/fr\/wp-json\/wp\/v2\/pages"}],"about":[{"href":"https:\/\/www.shamengo.com\/fr\/wp-json\/wp\/v2\/types\/page"}],"author":[{"embeddable":true,"href":"https:\/\/www.shamengo.com\/fr\/wp-json\/wp\/v2\/users\/1"}],"replies":[{"embeddable":true,"href":"https:\/\/www.shamengo.com\/fr\/wp-json\/wp\/v2\/comments?post=37737"}],"version-history":[{"count":21,"href":"https:\/\/www.shamengo.com\/fr\/wp-json\/wp\/v2\/pages\/37737\/revisions"}],"predecessor-version":[{"id":88217,"href":"https:\/\/www.shamengo.com\/fr\/wp-json\/wp\/v2\/pages\/37737\/revisions\/88217"}],"wp:attachment":[{"href":"https:\/\/www.shamengo.com\/fr\/wp-json\/wp\/v2\/media?parent=37737"}],"wp:term":[{"taxonomy":"thematique","embeddable":true,"href":"https:\/\/www.shamengo.com\/fr\/wp-json\/wp\/v2\/thematique?post=37737"}],"curies":[{"name":"wp","href":"https:\/\/api.w.org\/{rel}","templated":true}]}}