{"id":21496,"date":"2018-01-15T12:50:31","date_gmt":"2018-01-15T11:50:31","guid":{"rendered":"https:\/\/shamengo.com\/?page_id=21496"},"modified":"2024-03-12T22:39:57","modified_gmt":"2024-03-12T21:39:57","slug":"pourquoi-une-villa-2","status":"publish","type":"page","link":"https:\/\/www.shamengo.com\/fr\/pourquoi-une-villa-2\/","title":{"rendered":"Pourquoi une Villa ?"},"content":{"rendered":"<div class=\"wpb-content-wrapper\"><p>[vc_section full_width=&#8221;stretch_row_content&#8221; el_class=&#8221;header-image-section&#8221; css=&#8221;.vc_custom_1627487274140{background-image: url(\/\/shamengo.com\/wp-content\/uploads\/2019\/06\/Bandeau-pourquoi-villa.jpg?id=48748) !important;}&#8221;][vc_row][vc_column][\/vc_column][\/vc_row][\/vc_section][vc_section css=&#8221;.vc_custom_1562346977114{margin-top: 50px !important;}&#8221;][vc_row el_id=&#8221;site-title&#8221;][vc_column][vc_column_text]<\/p>\n<h1 style=\"text-align: center;\">POURQUOI UNE VILLA ?<\/h1>\n<div class=\"page\" title=\"Page 2\">\n<div class=\"section\">\n<div class=\"layoutArea\">\n<div class=\"column\">\n<p style=\"text-align: center;\">Incarner l\u2019avant-garde d\u2019une socie\u0301te\u0301 plus verte, plus sociale et mieux connecte\u0301e<\/p>\n<\/div>\n<\/div>\n<\/div>\n<\/div>\n<p>[\/vc_column_text][\/vc_column][\/vc_row][\/vc_section][vc_section full_width=&#8221;stretch_row_content&#8221;][vc_row equal_height=&#8221;yes&#8221; content_placement=&#8221;middle&#8221; el_class=&#8221;stretch-right-col&#8221;][vc_column width=&#8221;1\/2&#8243; css=&#8221;.vc_custom_1529420621234{padding-bottom: 3em !important;}&#8221;][vc_column_text]<\/p>\n<div class=\"page\" title=\"Page 2\">\n<div class=\"section\">\n<div class=\"layoutArea\">\n<div class=\"column\">\n<h2>De\u0301mocratiser de nouvelles<br \/>\ntendances et de nouveaux usages<\/h2>\n<\/div>\n<\/div>\n<\/div>\n<\/div>\n<p>[\/vc_column_text][vc_column_text el_class=&#8221;sep-top&#8221;]<\/p>\n<div class=\"page\" title=\"Page 2\">\n<div class=\"section\">\n<div class=\"layoutArea\">\n<div class=\"column\">\n<p>Aujourd\u2019hui, l\u2019habitat individuel devient un vecteur essentiel de nouveaux usages e\u0301cologiques, sociaux et nume\u0301riques. <strong>La Villa Shamengo sera une maison particulie\u0300re, ouverte a\u0300 tous.<\/strong> Chaque pie\u0300ce de la maison y sera pre\u0301sente\u0301e : salon, cuisine, salle a\u0300 manger, chambres, salle de bain, jardin, potager&#8230; Les visiteurs pourront y dormir, s\u2019y restaurer, s\u2019y de\u0301tendre, y apprendre, y travailler. On se sentira comme chez soi !<\/p>\n<p><strong>La Villa Shamengo sera aussi une maison \u00ab totale \u00bb,<\/strong> qui efface les frontie\u0300res entre lieu d\u2019habitation, de ville\u0301giature, de travail, de rencontres, de loisirs et d\u2019e\u0301tudes, a\u0300 l\u2019image de ce que sera le nouvel art de vivre du XXIe sie\u0300cle.<\/p>\n<\/div>\n<\/div>\n<\/div>\n<\/div>\n<p>[\/vc_column_text][\/vc_column][vc_column width=&#8221;1\/2&#8243; css=&#8221;.vc_custom_1560516884000{background-image: url(\/\/shamengo.com\/wp-content\/uploads\/2019\/06\/illustration1-1.jpg?id=48752) !important;background-position: center !important;background-repeat: no-repeat !important;background-size: cover !important;}&#8221; el_class=&#8221;bg-align-top&#8221;][\/vc_column][\/vc_row][\/vc_section][vc_section full_width=&#8221;stretch_row_content&#8221; el_class=&#8221;image-banner-text-box&#8221; css=&#8221;.vc_custom_1528447098094{background-image: url(\/wp-content\/uploads\/2018\/06\/bandeau-villa.jpg?id=22258) !important;background-position: center !important;background-repeat: no-repeat !important;background-size: cover !important;}&#8221;][vc_row][vc_column][vc_column_text]<\/p>\n<div class=\"page\" title=\"Page 2\">\n<div class=\"section\">\n<div class=\"layoutArea\">\n<div class=\"column\">\n<h2 style=\"text-align: center;\">UNE VILLA POUR MARQUER L&#8217;EXCELLENCE<br \/>\nET LA MODERNIT\u00c9 DE NOTRE MONDE EN TRANSITION<\/h2>\n<\/div>\n<\/div>\n<\/div>\n<\/div>\n<p>[\/vc_column_text][\/vc_column][\/vc_row][\/vc_section][vc_section el_class=&#8221;double-col-section&#8221;][vc_row][vc_column][vc_column_text]<\/p>\n<div class=\"page\" title=\"Page 2\">\n<div class=\"section\">\n<div class=\"layoutArea\">\n<div class=\"column\">\n<h2 style=\"text-align: center;\">Une maison a\u0300 la pointe de l\u2019innovation<br \/>\ne\u0301cologique et nume\u0301rique<\/h2>\n<\/div>\n<\/div>\n<\/div>\n<\/div>\n<p>[\/vc_column_text][\/vc_column][\/vc_row][vc_row][vc_column width=&#8221;1\/2&#8243;][vc_column_text]D\u2019une superficie de plus de 1 000 m2 de plain-pied, la Villa Shamengo affichera<strong> une architecture sobre, \u00e9pur\u00e9e et v\u00e9g\u00e9talis\u00e9e. <\/strong>Ce lieu in\u00e9dit \u00ab\u00a0\u00e0 la fois jardin urbain et fen\u00eatre ouverte sur le reste du monde\u00a0\u00bb selon les souhaits exprim\u00e9s lors d\u2019ateliers d\u2019intelligence collective \u00e0 Bordeaux, sera constitu\u00e9 d\u2019une grande serre urbaine bioclimatique dans laquelle s\u2019int\u00e8greront d\u2019autres syst\u00e8mes constructifs naturels et recycl\u00e9s\u00a0: b\u00e9ton v\u00e9g\u00e9tal, carton et bois.<\/p>\n<p><strong>L\u2019\u00e9nergie renouvelable<\/strong>, achemin\u00e9e ou produite sur place, sera utilis\u00e9e et stock\u00e9e de mani\u00e8re innovante, notamment gr\u00e2ce \u00e0 l\u2019<strong>Internet des objets (IoT)<\/strong> que nous utiliserons avec discernement pour concilier au mieux transition \u00e9cologique et r\u00e9volution num\u00e9rique.[\/vc_column_text][\/vc_column][vc_column width=&#8221;1\/2&#8243;][vc_column_text]<\/p>\n<div class=\"page\" title=\"Page 2\">\n<p><strong>Les principes de l\u2019\u00e9conomie circulaire seront mis \u00e0 l\u2019honneur<\/strong> \u00e0 travers la collecte des eaux de pluie, la gestion intelligente des eaux us\u00e9es et des sanitaires, le recyclage des d\u00e9chets alimentaires (issus de notre propre production ou d\u2019un circuit court d\u2019approvisionnement) sans oublier la revalorisation des autres d\u00e9chets, comme le verre ou le carton, en objets fonctionnels et design.<\/p>\n<\/div>\n<p>[\/vc_column_text][\/vc_column][\/vc_row][vc_row full_width=&#8221;stretch_row&#8221; css=&#8221;.vc_custom_1560540982321{padding-top: 15% !important;padding-bottom: 15% !important;background-image: url(\/\/shamengo.com\/wp-content\/uploads\/2019\/06\/bandeau-du-bas.jpg?id=48774) !important;background-position: center !important;background-repeat: no-repeat !important;background-size: cover !important;}&#8221;][vc_column][\/vc_column][\/vc_row][\/vc_section][vc_row full_width=&#8221;stretch_row&#8221; css=&#8221;.vc_custom_1528448216810{padding-bottom: 30px !important;background-color: #f7f7f7 !important;}&#8221;][vc_column][vc_column_text]<\/p>\n<div class=\"page\" title=\"Page 3\">\n<div class=\"section\">\n<div class=\"layoutArea\">\n<div class=\"column\">\n<h2 style=\"text-align: center;\">LA PREMIERE VILLA SHAMENGO DEVRAIT VOIR LE JOUR A BORDEAUX.<\/h2>\n<\/div>\n<\/div>\n<\/div>\n<\/div>\n<p>[\/vc_column_text][vc_btn title=&#8221;POURQUOI BORDEAUX ?&#8221; color=&#8221;so-white&#8221; align=&#8221;center&#8221; link=&#8221;url:https%3A%2F%2Fshamengo.com%2Ffr%2Fvilla-shamengo%2Fpourquoi-bordeaux%2F|||&#8221;][\/vc_column][\/vc_row][vc_section full_width=&#8221;stretch_row_content&#8221; css=&#8221;.vc_custom_1525700319451{padding-top: 0px !important;}&#8221;][vc_row equal_height=&#8221;yes&#8221; content_placement=&#8221;middle&#8221; el_class=&#8221;stretch-left-col&#8221;][vc_column width=&#8221;1\/2&#8243; css=&#8221;.vc_custom_1560517559509{background-image: url(\/\/shamengo.com\/wp-content\/uploads\/2019\/06\/Illustration-3.jpg?id=48758) !important;background-position: center !important;background-repeat: no-repeat !important;background-size: cover !important;}&#8221;][\/vc_column][vc_column width=&#8221;1\/2&#8243; css=&#8221;.vc_custom_1529420690085{padding-top: 4em !important;padding-bottom: 4em !important;}&#8221;][vc_column_text]<\/p>\n<div class=\"page\" title=\"Page 3\">\n<div class=\"section\">\n<div class=\"layoutArea\">\n<div class=\"column\">\n<h2>Un laboratoire d\u2019expe\u0301rimentation<br \/>\npour les innovateurs engage\u0301s<\/h2>\n<\/div>\n<\/div>\n<\/div>\n<\/div>\n<p>[\/vc_column_text][vc_column_text el_class=&#8221;sep-top&#8221;]<\/p>\n<div class=\"page\" title=\"Page 3\">\n<div class=\"section\">\n<div class=\"layoutArea\">\n<div class=\"column\">\n<p>Lieu de rencontre, de connexion et d\u2019e\u0301change, la Villa Shamengo servira aussi de laboratoire permettant de <strong>tester les produits, syste\u0300mes et services innovants<\/strong> et d\u2019imple\u0301menter des projets de pionniers issus de la communaute\u0301 Shamengo. Elle visera e\u0301galement a\u0300 <strong>favoriser l\u2019e\u0301mergence de projets communs<\/strong>, ne\u0301s de la rencontre entre pionniers, mais aussi de la mise en relation avec des entreprises locales, nationales et internationales.<\/p>\n<\/div>\n<\/div>\n<\/div>\n<\/div>\n<p>[\/vc_column_text][\/vc_column][\/vc_row][\/vc_section][vc_section][vc_row][vc_column][vc_column_text]<\/p>\n<h2 style=\"text-align: center;\">Nos partenaires<\/h2>\n<p>[\/vc_column_text]<style><\/style>\n\t\t<div id=\"vc_so_partner_167728\" class=\"vc_so_partner \">\n\n\t\t<div class=\"owl-carousel vc_so_partner_items\">\n\t\t\t<div class=\"partner_item \">\n\t\t\t\t<div class=\"partner_infos\">\n\t\t\t\t\t<div class=\"partner_title\"><h3>Bordeaux Me\u0301tropole<\/h3><\/div>\n\t\t\t\t\t<div class=\"partner_content\"><div class=\"page\" title=\"Page 3\">\n<div class=\"section\">\n<div class=\"layoutArea\">\n<div class=\"column\">\n<p>La ville de Bordeaux s\u2019est porte\u0301e candidate pour accueillir la premie\u0300re Villa Shamengo. La me\u0301tropole bordelaise de\u0301veloppe son attractivite\u0301, en France et a\u0300 l\u2019international, gra\u0302ce a\u0300 plusieurs grands projets d\u2019ame\u0301nagement urbain, mais e\u0301galement en misant sur des secteurs de pointe et des filie\u0300res strate\u0301giques comme le nume\u0301rique, l\u2019e\u0301conomie cre\u0301ative, les filie\u0300res vertes et le tertiaire supe\u0301rieur.<\/p>\n<\/div>\n<\/div>\n<\/div>\n<\/div>\n<\/div>\n\t\t\t\t<\/div>\n\t\t\t\t<div class=\"partner_logo\"><a href=\"http:\/\/www.bordeaux-metropole.fr\/\u200b \" target=\"_blank\" ><img decoding=\"async\" width=\"237\" height=\"99\" src=\"\/\/www.shamengo.com\/wp-content\/uploads\/2018\/06\/Bordeaux_Metropole_logo.jpg\" class=\"attachment-medium size-medium\" alt=\"\" \/><\/a><\/div>\n\t\t\t<\/div>\n\t\t\t\n\t\t\t<div class=\"partner_item \">\n\t\t\t\t<div class=\"partner_infos\">\n\t\t\t\t\t<div class=\"partner_title\"><h3>Bordeaux Euratlantique<\/h3><\/div>\n\t\t\t\t\t<div class=\"partner_content\"><div class=\"page\" title=\"Page 2\">\n<div class=\"section\">\n<div class=\"layoutArea\">\n<div class=\"column\">\n<p>L\u2019Etablissement Public d\u2019Ame\u0301nagement (EPA) Bordeaux Euratlantique est un ve\u0301ritable territoire de Living Lab, terre d\u2019accueil de projets innovants ayant vocation a\u0300 se de\u0301ployer et a\u0300 se re\u0301pliquer a\u0300 grande e\u0301chelle. Il accompagne et porte plusieurs initiatives qui concourent a\u0300 la transition e\u0301cologique : Green Tech, filie\u0300re bois construction et actions socie\u0301tales sur des fonciers en mutation.<\/p>\n<\/div>\n<\/div>\n<\/div>\n<\/div>\n<\/div>\n\t\t\t\t<\/div>\n\t\t\t\t<div class=\"partner_logo\"><a href=\"http:\/\/www.bordeaux-euratlantique.fr\/\u200b\" target=\"_blank\" ><img decoding=\"async\" width=\"350\" height=\"58\" src=\"\/\/www.shamengo.com\/wp-content\/uploads\/2018\/06\/logo-operation-interet-national-2-350x58.jpg\" class=\"attachment-medium size-medium\" alt=\"\" srcset=\"\/\/www.shamengo.com\/wp-content\/uploads\/2018\/06\/logo-operation-interet-national-2-350x58.jpg 350w, \/\/www.shamengo.com\/wp-content\/uploads\/2018\/06\/logo-operation-interet-national-2-768x128.jpg 768w, \/\/www.shamengo.com\/wp-content\/uploads\/2018\/06\/logo-operation-interet-national-2-1024x170.jpg 1024w, \/\/www.shamengo.com\/wp-content\/uploads\/2018\/06\/logo-operation-interet-national-2-256x43.jpg 256w, \/\/www.shamengo.com\/wp-content\/uploads\/2018\/06\/logo-operation-interet-national-2-600x100.jpg 600w, \/\/www.shamengo.com\/wp-content\/uploads\/2018\/06\/logo-operation-interet-national-2.jpg 1827w\" sizes=\"(max-width: 350px) 100vw, 350px\" \/><\/a><\/div>\n\t\t\t<\/div>\n\t\t\t\n\t\t\t<div class=\"partner_item \">\n\t\t\t\t<div class=\"partner_infos\">\n\t\t\t\t\t<div class=\"partner_title\"><h3>ADEME<\/h3><\/div>\n\t\t\t\t\t<div class=\"partner_content\"><div class=\"page\" title=\"Page 2\">\n<div class=\"section\">\n<div class=\"layoutArea\">\n<div class=\"column\">\n<p>L\u2019Agence de l\u2019Environnement et de la Mai\u0302trise de l\u2019Energie (ADEME) participe a\u0300 la mise en \u0153uvre des politiques publiques dans les domaines de l&#8217;environnement, de l&#8217;e\u0301nergie et du de\u0301veloppement durable. Elle aide au financement de projets, de la recherche a\u0300 la mise en \u0153uvre, dans 5 domaines d&#8217;intervention : de\u0301chets ; sols pollue\u0301s et friches ; e\u0301nergie et climat ; air et bruit ; actions transversales.<\/p>\n<\/div>\n<\/div>\n<\/div>\n<\/div>\n<\/div>\n\t\t\t\t<\/div>\n\t\t\t\t<div class=\"partner_logo\"><a href=\"www.ademe.fr\u200b\" target=\"_blank\" ><img decoding=\"async\" width=\"156\" height=\"171\" src=\"\/\/www.shamengo.com\/wp-content\/uploads\/2018\/06\/Logo_ADEME.jpg\" class=\"attachment-medium size-medium\" alt=\"\" \/><\/a><\/div>\n\t\t\t<\/div>\n\t\t\t\n\t\t\t<div class=\"partner_item no_content\">\n\t\t\t\t<div class=\"partner_infos\">\n\t\t\t\t\t<div class=\"partner_title\"><h3>Banque des territoires - CDC<\/h3><\/div>\n\t\t\t\t\t<div class=\"partner_content\"><\/div>\n\t\t\t\t<\/div>\n\t\t\t\t<div class=\"partner_logo\"><a href=\"https:\/\/www.banquedesterritoires.fr\/\" target=\"_blank\" ><img decoding=\"async\" width=\"350\" height=\"157\" src=\"\/\/www.shamengo.com\/wp-content\/uploads\/2018\/06\/LOGO-GROUPE-2-350x157.jpg\" class=\"attachment-medium size-medium\" alt=\"\" srcset=\"\/\/www.shamengo.com\/wp-content\/uploads\/2018\/06\/LOGO-GROUPE-2-350x157.jpg 350w, \/\/www.shamengo.com\/wp-content\/uploads\/2018\/06\/LOGO-GROUPE-2-768x344.jpg 768w, \/\/www.shamengo.com\/wp-content\/uploads\/2018\/06\/LOGO-GROUPE-2-256x115.jpg 256w, \/\/www.shamengo.com\/wp-content\/uploads\/2018\/06\/LOGO-GROUPE-2-600x268.jpg 600w, \/\/www.shamengo.com\/wp-content\/uploads\/2018\/06\/LOGO-GROUPE-2.jpg 894w\" sizes=\"(max-width: 350px) 100vw, 350px\" \/><\/a><\/div>\n\t\t\t<\/div>\n\t\t\t\n\t\t\t<div class=\"partner_item \">\n\t\t\t\t<div class=\"partner_infos\">\n\t\t\t\t\t<div class=\"partner_title\"><h3>Eiffage<\/h3><\/div>\n\t\t\t\t\t<div class=\"partner_content\"><div class=\"page\" title=\"Page 2\">\n<div class=\"section\">\n<div class=\"layoutArea\">\n<div class=\"column\">\n<p>Eiffage se positionne comme un acteur e\u0301cologiquement et socialement responsable. De Phosphore, son laboratoire de prospective sur la ville durable, a\u0300 Astainable\u00ae, outil nume\u0301rique de design urbain, Eiffage innove pour la construction d\u2019un avenir durable. Le Groupe s\u2019engage, en outre, au travers de la Fondation Eiffage, a\u0300 apporter sa contribution a\u0300 des associations d\u2019inte\u0301re\u0302t ge\u0301ne\u0301ral.<\/p>\n<\/div>\n<\/div>\n<\/div>\n<\/div>\n<\/div>\n\t\t\t\t<\/div>\n\t\t\t\t<div class=\"partner_logo\"><a href=\"http:\/\/www.eiffage.com\/\u200b\" target=\"_blank\" ><img decoding=\"async\" width=\"225\" height=\"52\" src=\"\/\/www.shamengo.com\/wp-content\/uploads\/2018\/06\/Eiffage_logo.jpg\" class=\"attachment-medium size-medium\" alt=\"\" \/><\/a><\/div>\n\t\t\t<\/div>\n\t\t\t\n\t\t\t<div class=\"partner_item no_content\">\n\t\t\t\t<div class=\"partner_infos\">\n\t\t\t\t\t<div class=\"partner_title\"><h3>Immobili\u00e8re 3F<\/h3><\/div>\n\t\t\t\t\t<div class=\"partner_content\"><\/div>\n\t\t\t\t<\/div>\n\t\t\t\t<div class=\"partner_logo\"><a href=\"https:\/\/www.groupe3f.fr\/\" target=\"_blank\" ><img decoding=\"async\" width=\"180\" height=\"64\" src=\"\/\/www.shamengo.com\/wp-content\/uploads\/2019\/05\/unnamed.jpg\" class=\"attachment-medium size-medium\" alt=\"\" \/><\/a><\/div>\n\t\t\t<\/div>\n\t\t\t\n\t\t\t<div class=\"partner_item no_content\">\n\t\t\t\t<div class=\"partner_infos\">\n\t\t\t\t\t<div class=\"partner_title\"><h3>BNP Paribas<\/h3><\/div>\n\t\t\t\t\t<div class=\"partner_content\"><\/div>\n\t\t\t\t<\/div>\n\t\t\t\t<div class=\"partner_logo\"><a href=\"https:\/\/group.bnpparibas\/\" target=\"_blank\" ><img decoding=\"async\" width=\"350\" height=\"88\" src=\"\/\/www.shamengo.com\/wp-content\/uploads\/2018\/06\/t\u00e9l\u00e9chargement-1-350x88.jpg\" class=\"attachment-medium size-medium\" alt=\"\" srcset=\"\/\/www.shamengo.com\/wp-content\/uploads\/2018\/06\/t\u00e9l\u00e9chargement-1-350x88.jpg 350w, \/\/www.shamengo.com\/wp-content\/uploads\/2018\/06\/t\u00e9l\u00e9chargement-1-256x64.jpg 256w, \/\/www.shamengo.com\/wp-content\/uploads\/2018\/06\/t\u00e9l\u00e9chargement-1.jpg 576w\" sizes=\"(max-width: 350px) 100vw, 350px\" \/><\/a><\/div>\n\t\t\t<\/div>\n\t\t\t<\/div><div class=\"toolbox\"><\/div>\n\n\t\t<\/div>\n\t\t[vc_btn title=&#8221;Voir tous les partenaires&#8221; color=&#8221;so-white&#8221; align=&#8221;center&#8221; link=&#8221;url:%2Ffr%2Fpartenaires-villa%2F|||&#8221;][\/vc_column][\/vc_row][\/vc_section][vc_section full_width=&#8221;stretch_row_content&#8221; el_class=&#8221;image-banner-text-box cta-soutenir-shamengo&#8221; css=&#8221;.vc_custom_1569930318610{background-image: url(\/\/shamengo.com\/wp-content\/uploads\/2019\/09\/CTA-Dons_villa_lounge-zoom.jpg?id=50150) !important;background-position: center !important;background-repeat: no-repeat !important;background-size: cover !important;}&#8221;][vc_row][vc_column][vc_column_text]<\/p>\n<h2 style=\"text-align: center; margin-bottom: 10px;\"><img decoding=\"async\" class=\"aligncenter wp-image-37745\" src=\"\/\/shamengo.com\/wp-content\/uploads\/2018\/08\/don.png\" alt=\"\" width=\"90\" height=\"78\" \/><\/h2>\n<h2 style=\"text-align: center;\">JE SOUTIENS SHAMENGO<\/h2>\n<h3 style=\"text-align: center;\">Votre don est pr\u00e9cieux. Il nous permettra de continuer cette incroyable aventure.<\/h3>\n<p>[\/vc_column_text][vc_btn title=&#8221;EN SAVOIR PLUS&#8221; color=&#8221;so-white&#8221; align=&#8221;center&#8221; link=&#8221;url:https%3A%2F%2Fshamengo.com%2Ffr%2Fsoutenir-shamengo%2F|||&#8221;][\/vc_column][\/vc_row][\/vc_section][vc_section full_width=&#8221;stretch_row&#8221; css=&#8221;.vc_custom_1529356000171{background-color: #f7f7f7 !important;}&#8221;][vc_row][vc_column][\/vc_column][\/vc_row][\/vc_section]<\/p>\n<\/div>","protected":false},"excerpt":{"rendered":"<p>[vc_section full_width=&#8221;stretch_row_content&#8221; el_class=&#8221;header-image-section&#8221; css=&#8221;.vc_custom_1627487274140{background-image: url(\/\/shamengo.com\/wp-content\/uploads\/2019\/06\/Bandeau-pourquoi-villa.jpg?id=48748) !important;}&#8221;][vc_row][vc_column][\/vc_column][\/vc_row][\/vc_section][vc_section css=&#8221;.vc_custom_1562346977114{margin-top: 50px !important;}&#8221;][vc_row el_id=&#8221;site-title&#8221;][vc_column][vc_column_text] POURQUOI UNE VILLA ? Incarner l\u2019avant-garde d\u2019une socie\u0301te\u0301 plus verte, plus sociale et mieux connecte\u0301e [\/vc_column_text][\/vc_column][\/vc_row][\/vc_section][vc_section full_width=&#8221;stretch_row_content&#8221;][vc_row equal_height=&#8221;yes&#8221; content_placement=&#8221;middle&#8221; el_class=&#8221;stretch-right-col&#8221;][vc_column width=&#8221;1\/2&#8243; css=&#8221;.vc_custom_1529420621234{padding-bottom: 3em !important;}&#8221;][vc_column_text] De\u0301mocratiser de nouvelles tendances et de nouveaux usages [\/vc_column_text][vc_column_text el_class=&#8221;sep-top&#8221;] Aujourd\u2019hui, l\u2019habitat individuel devient un vecteur essentiel de nouveaux usages e\u0301cologiques, [&hellip;]<\/p>\n","protected":false},"author":1,"featured_media":0,"parent":0,"menu_order":0,"comment_status":"closed","ping_status":"closed","template":"","meta":{"_acf_changed":false,"footnotes":""},"thematique":[],"class_list":["post-21496","page","type-page","status-publish","hentry"],"acf":{"top_page":false},"_links":{"self":[{"href":"https:\/\/www.shamengo.com\/fr\/wp-json\/wp\/v2\/pages\/21496","targetHints":{"allow":["GET"]}}],"collection":[{"href":"https:\/\/www.shamengo.com\/fr\/wp-json\/wp\/v2\/pages"}],"about":[{"href":"https:\/\/www.shamengo.com\/fr\/wp-json\/wp\/v2\/types\/page"}],"author":[{"embeddable":true,"href":"https:\/\/www.shamengo.com\/fr\/wp-json\/wp\/v2\/users\/1"}],"replies":[{"embeddable":true,"href":"https:\/\/www.shamengo.com\/fr\/wp-json\/wp\/v2\/comments?post=21496"}],"version-history":[{"count":40,"href":"https:\/\/www.shamengo.com\/fr\/wp-json\/wp\/v2\/pages\/21496\/revisions"}],"predecessor-version":[{"id":63114,"href":"https:\/\/www.shamengo.com\/fr\/wp-json\/wp\/v2\/pages\/21496\/revisions\/63114"}],"wp:attachment":[{"href":"https:\/\/www.shamengo.com\/fr\/wp-json\/wp\/v2\/media?parent=21496"}],"wp:term":[{"taxonomy":"thematique","embeddable":true,"href":"https:\/\/www.shamengo.com\/fr\/wp-json\/wp\/v2\/thematique?post=21496"}],"curies":[{"name":"wp","href":"https:\/\/api.w.org\/{rel}","templated":true}]}}